{"id":1844,"date":"2026-03-02T14:12:47","date_gmt":"2026-03-02T13:12:47","guid":{"rendered":"https:\/\/sbim.comaseinfo-support.be\/over-sbim\/onze-geschiedenis\/"},"modified":"2026-03-30T11:58:38","modified_gmt":"2026-03-30T09:58:38","slug":"onze-geschiedenis","status":"publish","type":"page","link":"https:\/\/www.sbim.be\/nl\/over-sbim\/onze-geschiedenis\/","title":{"rendered":"Onze geschiedenis"},"content":{"rendered":"\t\t<div data-elementor-type=\"wp-page\" data-elementor-id=\"1844\" class=\"elementor elementor-1844 elementor-756\" data-elementor-post-type=\"page\">\n\t\t\t\t<div class=\"elementor-element elementor-element-5a0321f e-flex e-con-boxed e-con e-parent\" data-id=\"5a0321f\" data-element_type=\"container\" data-e-type=\"container\">\n\t\t\t\t\t<div class=\"e-con-inner\">\n\t\t\t\t<div class=\"elementor-element elementor-element-c71fd00 elementor-widget elementor-widget-sbim_timeline\" data-id=\"c71fd00\" data-element_type=\"widget\" data-e-type=\"widget\" data-widget_type=\"sbim_timeline.default\">\n\t\t\t\t<div class=\"elementor-widget-container\">\n\t\t\t\t\t\n\t\t<div class=\"sbim-tl\" role=\"list\" aria-label=\"Ligne du temps\" data-animate=\"zoom\" style=\"--sbim-tl-duration:600ms;--sbim-tl-easing:ease-out\">\n\n\t\t\t<div class=\"sbim-tl__line\" aria-hidden=\"true\"><\/div>\n\n\t\t\t\n\t\t\t<div class=\"sbim-tl__row sbim-tl__row--left\" role=\"listitem\" data-delay=\"150\">\n\n\t\t\t\t<div class=\"sbim-tl__side sbim-tl__side--left\">\n\t\t\t\t\t\t\t\t\t\t\t<div class=\"sbim-tl__card\">\n\t\t\t\t\t\t\t\t\t\t\t\t\t\t<h3 class=\"sbim-tl__item-title\">Oprichting van SBIM<\/h3>\n\t\t\t\t\t\t\t<p class=\"sbim-tl__item-desc\">Oprichting van SBIM op initiatief van de Clinique Notre-Dame de Charleroi (nu Grand H\u00f4pital de Charleroi), met als missie om informaticaoplossingen te ontwikkelen die afgestemd zijn op de specifieke behoeften van Belgische ziekenhuizen.<\/p>\n\t\t\t\t\t\t<\/div>\n\t\t\t\t\t\t\t\t\t<\/div>\n\n\t\t\t\t<div class=\"sbim-tl__center\">\n\t\t\t\t\t<div class=\"sbim-tl__dot\" aria-label=\"1987\">\n\t\t\t\t\t\t1987\t\t\t\t\t<\/div>\n\t\t\t\t<\/div>\n\n\t\t\t\t<div class=\"sbim-tl__side sbim-tl__side--right\">\n\t\t\t\t\t\t\t\t\t<\/div>\n\n\t\t\t<\/div>\n\n\t\t\t\n\t\t\t<div class=\"sbim-tl__row sbim-tl__row--right\" role=\"listitem\" data-delay=\"300\">\n\n\t\t\t\t<div class=\"sbim-tl__side sbim-tl__side--left\">\n\t\t\t\t\t\t\t\t\t<\/div>\n\n\t\t\t\t<div class=\"sbim-tl__center\">\n\t\t\t\t\t<div class=\"sbim-tl__dot\" aria-label=\"1992\">\n\t\t\t\t\t\t1992\t\t\t\t\t<\/div>\n\t\t\t\t<\/div>\n\n\t\t\t\t<div class=\"sbim-tl__side sbim-tl__side--right\">\n\t\t\t\t\t\t\t\t\t\t\t<div class=\"sbim-tl__card\">\n\t\t\t\t\t\t\t\t\t\t\t\t\t\t<h3 class=\"sbim-tl__item-title\">Eerste ERP-software<\/h3>\n\t\t\t\t\t\t\t<p class=\"sbim-tl__item-desc\">Lancering van de eerste modules voor boekhouding (CPT\/WIN) en logistiek beheer (GCL\/WIN), specifiek voor de ziekenhuissector.<\/p>\n\t\t\t\t\t\t<\/div>\n\t\t\t\t\t\t\t\t\t<\/div>\n\n\t\t\t<\/div>\n\n\t\t\t\n\t\t\t<div class=\"sbim-tl__row sbim-tl__row--left\" role=\"listitem\" data-delay=\"450\">\n\n\t\t\t\t<div class=\"sbim-tl__side sbim-tl__side--left\">\n\t\t\t\t\t\t\t\t\t\t\t<div class=\"sbim-tl__card\">\n\t\t\t\t\t\t\t\t\t\t\t\t\t\t<h3 class=\"sbim-tl__item-title\">Expansion du SIH<\/h3>\n\t\t\t\t\t\t\t<p class=\"sbim-tl__item-desc\">Uitrol van oplossingen voor ziekenhuisopname en facturatie in tal van Waalse ziekenhuizen.<\/p>\n\t\t\t\t\t\t<\/div>\n\t\t\t\t\t\t\t\t\t<\/div>\n\n\t\t\t\t<div class=\"sbim-tl__center\">\n\t\t\t\t\t<div class=\"sbim-tl__dot\" aria-label=\"1998\">\n\t\t\t\t\t\t1998\t\t\t\t\t<\/div>\n\t\t\t\t<\/div>\n\n\t\t\t\t<div class=\"sbim-tl__side sbim-tl__side--right\">\n\t\t\t\t\t\t\t\t\t<\/div>\n\n\t\t\t<\/div>\n\n\t\t\t\n\t\t\t<div class=\"sbim-tl__row sbim-tl__row--right\" role=\"listitem\" data-delay=\"600\">\n\n\t\t\t\t<div class=\"sbim-tl__side sbim-tl__side--left\">\n\t\t\t\t\t\t\t\t\t<\/div>\n\n\t\t\t\t<div class=\"sbim-tl__center\">\n\t\t\t\t\t<div class=\"sbim-tl__dot\" aria-label=\"2001\">\n\t\t\t\t\t\t2001\t\t\t\t\t<\/div>\n\t\t\t\t<\/div>\n\n\t\t\t\t<div class=\"sbim-tl__side sbim-tl__side--right\">\n\t\t\t\t\t\t\t\t\t\t\t<div class=\"sbim-tl__card\">\n\t\t\t\t\t\t\t\t\t\t\t\t\t\t<h3 class=\"sbim-tl__item-title\">SBIM wordt NV en treedt toe tot Groupe Comase<\/h3>\n\t\t\t\t\t\t\t<p class=\"sbim-tl__item-desc\">In juni 2001 sluit SBIM zich aan bij de Groupe Comase. In september wordt het bedrijf een naamloze vennootschap (NV), wat een nieuwe stap in zijn ontwikkeling markeert.<\/p>\n\t\t\t\t\t\t<\/div>\n\t\t\t\t\t\t\t\t\t<\/div>\n\n\t\t\t<\/div>\n\n\t\t\t\n\t\t\t<div class=\"sbim-tl__row sbim-tl__row--left\" role=\"listitem\" data-delay=\"750\">\n\n\t\t\t\t<div class=\"sbim-tl__side sbim-tl__side--left\">\n\t\t\t\t\t\t\t\t\t\t\t<div class=\"sbim-tl__card\">\n\t\t\t\t\t\t\t\t\t\t\t\t\t\t<h3 class=\"sbim-tl__item-title\">Business Intelligence<\/h3>\n\t\t\t\t\t\t\t<p class=\"sbim-tl__item-desc\">Introductie van BIHOP, het ziekenhuis Business Intelligence-platform voor datagestuurde besturing.<\/p>\n\t\t\t\t\t\t<\/div>\n\t\t\t\t\t\t\t\t\t<\/div>\n\n\t\t\t\t<div class=\"sbim-tl__center\">\n\t\t\t\t\t<div class=\"sbim-tl__dot\" aria-label=\"2006\">\n\t\t\t\t\t\t2006\t\t\t\t\t<\/div>\n\t\t\t\t<\/div>\n\n\t\t\t\t<div class=\"sbim-tl__side sbim-tl__side--right\">\n\t\t\t\t\t\t\t\t\t<\/div>\n\n\t\t\t<\/div>\n\n\t\t\t\n\t\t\t<div class=\"sbim-tl__row sbim-tl__row--right\" role=\"listitem\" data-delay=\"900\">\n\n\t\t\t\t<div class=\"sbim-tl__side sbim-tl__side--left\">\n\t\t\t\t\t\t\t\t\t<\/div>\n\n\t\t\t\t<div class=\"sbim-tl__center\">\n\t\t\t\t\t<div class=\"sbim-tl__dot\" aria-label=\"2010\">\n\t\t\t\t\t\t2010\t\t\t\t\t<\/div>\n\t\t\t\t<\/div>\n\n\t\t\t\t<div class=\"sbim-tl__side sbim-tl__side--right\">\n\t\t\t\t\t\t\t\t\t\t\t<div class=\"sbim-tl__card\">\n\t\t\t\t\t\t\t\t\t\t\t\t\t\t<h3 class=\"sbim-tl__item-title\">MZG-weboplossingen<\/h3>\n\t\t\t\t\t\t\t<p class=\"sbim-tl__item-desc\">Lancering van de webapplicaties RCM.WEB en DI-RHM.WEB voor het verzamelen en valideren van gegevens van de Minimale Ziekenhuissamenvatting.<\/p>\n\t\t\t\t\t\t<\/div>\n\t\t\t\t\t\t\t\t\t<\/div>\n\n\t\t\t<\/div>\n\n\t\t\t\n\t\t\t<div class=\"sbim-tl__row sbim-tl__row--left\" role=\"listitem\" data-delay=\"1050\">\n\n\t\t\t\t<div class=\"sbim-tl__side sbim-tl__side--left\">\n\t\t\t\t\t\t\t\t\t\t\t<div class=\"sbim-tl__card\">\n\t\t\t\t\t\t\t\t\t\t\t\t\t\t<h3 class=\"sbim-tl__item-title\">Allyn HR-suite<\/h3>\n\t\t\t\t\t\t\t<p class=\"sbim-tl__item-desc\">Uitrol van de nieuwe generatie HR-software met Allyn HR Software, Allyn Pay en Allyn Recruitment.<\/p>\n\t\t\t\t\t\t<\/div>\n\t\t\t\t\t\t\t\t\t<\/div>\n\n\t\t\t\t<div class=\"sbim-tl__center\">\n\t\t\t\t\t<div class=\"sbim-tl__dot\" aria-label=\"2014\">\n\t\t\t\t\t\t2014\t\t\t\t\t<\/div>\n\t\t\t\t<\/div>\n\n\t\t\t\t<div class=\"sbim-tl__side sbim-tl__side--right\">\n\t\t\t\t\t\t\t\t\t<\/div>\n\n\t\t\t<\/div>\n\n\t\t\t\n\t\t\t<div class=\"sbim-tl__row sbim-tl__row--right\" role=\"listitem\" data-delay=\"1200\">\n\n\t\t\t\t<div class=\"sbim-tl__side sbim-tl__side--left\">\n\t\t\t\t\t\t\t\t\t<\/div>\n\n\t\t\t\t<div class=\"sbim-tl__center\">\n\t\t\t\t\t<div class=\"sbim-tl__dot\" aria-label=\"2017\">\n\t\t\t\t\t\t2017\t\t\t\t\t<\/div>\n\t\t\t\t<\/div>\n\n\t\t\t\t<div class=\"sbim-tl__side sbim-tl__side--right\">\n\t\t\t\t\t\t\t\t\t\t\t<div class=\"sbim-tl__card\">\n\t\t\t\t\t\t\t\t\t\t\t\t\t\t<h3 class=\"sbim-tl__item-title\">KeyHos-zuilen<\/h3>\n\t\t\t\t\t\t\t<p class=\"sbim-tl__item-desc\">Lancering van interactieve onthaalzuilen KeyHos, waarmee pati\u00ebnten zich zelfstandig kunnen aanmelden in het ziekenhuis.<\/p>\n\t\t\t\t\t\t<\/div>\n\t\t\t\t\t\t\t\t\t<\/div>\n\n\t\t\t<\/div>\n\n\t\t\t\n\t\t\t<div class=\"sbim-tl__row sbim-tl__row--left\" role=\"listitem\" data-delay=\"1350\">\n\n\t\t\t\t<div class=\"sbim-tl__side sbim-tl__side--left\">\n\t\t\t\t\t\t\t\t\t\t\t<div class=\"sbim-tl__card\">\n\t\t\t\t\t\t\t\t\t\t\t\t\t\t<h3 class=\"sbim-tl__item-title\">Digitale transformatie<\/h3>\n\t\t\t\t\t\t\t<p class=\"sbim-tl__item-desc\">Versnelling van de digitale transformatie met dematerialisatie- en mobiliteitsoplossingen voor zorginstellingen.<\/p>\n\t\t\t\t\t\t<\/div>\n\t\t\t\t\t\t\t\t\t<\/div>\n\n\t\t\t\t<div class=\"sbim-tl__center\">\n\t\t\t\t\t<div class=\"sbim-tl__dot\" aria-label=\"2020\">\n\t\t\t\t\t\t2020\t\t\t\t\t<\/div>\n\t\t\t\t<\/div>\n\n\t\t\t\t<div class=\"sbim-tl__side sbim-tl__side--right\">\n\t\t\t\t\t\t\t\t\t<\/div>\n\n\t\t\t<\/div>\n\n\t\t\t\n\t\t\t<div class=\"sbim-tl__row sbim-tl__row--right\" role=\"listitem\" data-delay=\"1500\">\n\n\t\t\t\t<div class=\"sbim-tl__side sbim-tl__side--left\">\n\t\t\t\t\t\t\t\t\t<\/div>\n\n\t\t\t\t<div class=\"sbim-tl__center\">\n\t\t\t\t\t<div class=\"sbim-tl__dot\" aria-label=\"2022\">\n\t\t\t\t\t\t2022\t\t\t\t\t<\/div>\n\t\t\t\t<\/div>\n\n\t\t\t\t<div class=\"sbim-tl__side sbim-tl__side--right\">\n\t\t\t\t\t\t\t\t\t\t\t<div class=\"sbim-tl__card\">\n\t\t\t\t\t\t\t\t\t\t\t\t\t\t<h3 class=\"sbim-tl__item-title\">Grootschalige uitrol<\/h3>\n\t\t\t\t\t\t\t<p class=\"sbim-tl__item-desc\">Grootschalige implementatie bij ISPPC\/CHU Charleroi met Allyn HR en 23 KeyHos-zuilen op de nieuwe ziekenhuissite.<\/p>\n\t\t\t\t\t\t<\/div>\n\t\t\t\t\t\t\t\t\t<\/div>\n\n\t\t\t<\/div>\n\n\t\t\t\n\t\t\t<div class=\"sbim-tl__row sbim-tl__row--left\" role=\"listitem\" data-delay=\"1650\">\n\n\t\t\t\t<div class=\"sbim-tl__side sbim-tl__side--left\">\n\t\t\t\t\t\t\t\t\t\t\t<div class=\"sbim-tl__card\">\n\t\t\t\t\t\t\t\t\t\t\t\t\t\t<h3 class=\"sbim-tl__item-title\">Softway Medical Group<\/h3>\n\t\t\t\t\t\t\t<p class=\"sbim-tl__item-desc\">SBIM treedt toe tot de Softway Medical Group, een belangrijke speler in gezondheids-IT in Europa, en opent een nieuw hoofdstuk in zijn geschiedenis.<\/p>\n\t\t\t\t\t\t<\/div>\n\t\t\t\t\t\t\t\t\t<\/div>\n\n\t\t\t\t<div class=\"sbim-tl__center\">\n\t\t\t\t\t<div class=\"sbim-tl__dot\" aria-label=\"2024\">\n\t\t\t\t\t\t2024\t\t\t\t\t<\/div>\n\t\t\t\t<\/div>\n\n\t\t\t\t<div class=\"sbim-tl__side sbim-tl__side--right\">\n\t\t\t\t\t\t\t\t\t<\/div>\n\n\t\t\t<\/div>\n\n\t\t\t\n\t\t<\/div>\n\t\t\t\t\t\t<\/div>\n\t\t\t\t<\/div>\n\t\t\t\t\t<\/div>\n\t\t\t\t<\/div>\n\t\t\t\t<\/div>\n\t\t","protected":false},"excerpt":{"rendered":"<p>Oprichting van SBIM Oprichting van SBIM op initiatief van de Clinique Notre-Dame de Charleroi (nu Grand H\u00f4pital de Charleroi), met als missie om informaticaoplossingen te ontwikkelen die afgestemd zijn op de specifieke behoeften van Belgische ziekenhuizen. 1987 1992 Eerste ERP-software Lancering van de eerste modules voor boekhouding (CPT\/WIN) en logistiek beheer (GCL\/WIN), specifiek voor de [&hellip;]<\/p>\n","protected":false},"author":1,"featured_media":0,"parent":1830,"menu_order":1,"comment_status":"closed","ping_status":"closed","template":"","meta":{"_acf_changed":false,"footnotes":""},"class_list":["post-1844","page","type-page","status-publish","hentry"],"acf":[],"yoast_head":"<!-- This site is optimized with the Yoast SEO plugin v27.3 - https:\/\/yoast.com\/product\/yoast-seo-wordpress\/ -->\n<title>Onze geschiedenis - SBIM - Soci\u00e9t\u00e9 Belge d&#039;Informatique M\u00e9dicale<\/title>\n<meta name=\"description\" content=\"Van 1987 tot vandaag: een terugblik op de belangrijkste mijlpalen van SBIM\" \/>\n<meta name=\"robots\" content=\"index, follow, max-snippet:-1, max-image-preview:large, max-video-preview:-1\" \/>\n<link rel=\"canonical\" href=\"https:\/\/www.sbim.be\/nl\/over-sbim\/onze-geschiedenis\/\" \/>\n<meta property=\"og:locale\" content=\"nl_NL\" \/>\n<meta property=\"og:type\" content=\"article\" \/>\n<meta property=\"og:title\" content=\"Onze geschiedenis - SBIM - Soci\u00e9t\u00e9 Belge d&#039;Informatique M\u00e9dicale\" \/>\n<meta property=\"og:description\" content=\"Van 1987 tot vandaag: een terugblik op de belangrijkste mijlpalen van SBIM\" \/>\n<meta property=\"og:url\" content=\"https:\/\/www.sbim.be\/nl\/over-sbim\/onze-geschiedenis\/\" \/>\n<meta property=\"og:site_name\" content=\"SBIM - Soci\u00e9t\u00e9 Belge d&#039;Informatique M\u00e9dicale\" \/>\n<meta property=\"article:modified_time\" content=\"2026-03-30T09:58:38+00:00\" \/>\n<meta name=\"twitter:card\" content=\"summary_large_image\" \/>\n<meta name=\"twitter:label1\" content=\"Geschatte leestijd\" \/>\n\t<meta name=\"twitter:data1\" content=\"1 minuut\" \/>\n<script type=\"application\/ld+json\" class=\"yoast-schema-graph\">{\"@context\":\"https:\\\/\\\/schema.org\",\"@graph\":[{\"@type\":\"WebPage\",\"@id\":\"https:\\\/\\\/www.sbim.be\\\/nl\\\/over-sbim\\\/onze-geschiedenis\\\/\",\"url\":\"https:\\\/\\\/www.sbim.be\\\/nl\\\/over-sbim\\\/onze-geschiedenis\\\/\",\"name\":\"Onze geschiedenis - SBIM - Soci\u00e9t\u00e9 Belge d&#039;Informatique M\u00e9dicale\",\"isPartOf\":{\"@id\":\"https:\\\/\\\/www.sbim.be\\\/nl\\\/#website\"},\"datePublished\":\"2026-03-02T13:12:47+00:00\",\"dateModified\":\"2026-03-30T09:58:38+00:00\",\"description\":\"Van 1987 tot vandaag: een terugblik op de belangrijkste mijlpalen van SBIM\",\"breadcrumb\":{\"@id\":\"https:\\\/\\\/www.sbim.be\\\/nl\\\/over-sbim\\\/onze-geschiedenis\\\/#breadcrumb\"},\"inLanguage\":\"nl-NL\",\"potentialAction\":[{\"@type\":\"ReadAction\",\"target\":[\"https:\\\/\\\/www.sbim.be\\\/nl\\\/over-sbim\\\/onze-geschiedenis\\\/\"]}]},{\"@type\":\"BreadcrumbList\",\"@id\":\"https:\\\/\\\/www.sbim.be\\\/nl\\\/over-sbim\\\/onze-geschiedenis\\\/#breadcrumb\",\"itemListElement\":[{\"@type\":\"ListItem\",\"position\":1,\"name\":\"Home\",\"item\":\"https:\\\/\\\/www.sbim.be\\\/nl\\\/\"},{\"@type\":\"ListItem\",\"position\":2,\"name\":\"Over SBIM\",\"item\":\"https:\\\/\\\/www.sbim.be\\\/nl\\\/over-sbim\\\/\"},{\"@type\":\"ListItem\",\"position\":3,\"name\":\"Onze geschiedenis\"}]},{\"@type\":\"WebSite\",\"@id\":\"https:\\\/\\\/www.sbim.be\\\/nl\\\/#website\",\"url\":\"https:\\\/\\\/www.sbim.be\\\/nl\\\/\",\"name\":\"SBIM - Soci\u00e9t\u00e9 Belge d'Informatique M\u00e9dicale\",\"description\":\"\",\"publisher\":{\"@id\":\"https:\\\/\\\/www.sbim.be\\\/nl\\\/#organization\"},\"potentialAction\":[{\"@type\":\"SearchAction\",\"target\":{\"@type\":\"EntryPoint\",\"urlTemplate\":\"https:\\\/\\\/www.sbim.be\\\/nl\\\/?s={search_term_string}\"},\"query-input\":{\"@type\":\"PropertyValueSpecification\",\"valueRequired\":true,\"valueName\":\"search_term_string\"}}],\"inLanguage\":\"nl-NL\"},{\"@type\":\"Organization\",\"@id\":\"https:\\\/\\\/www.sbim.be\\\/nl\\\/#organization\",\"name\":\"SBIM - Soci\u00e9t\u00e9 Belge d'Informatique M\u00e9dicale\",\"url\":\"https:\\\/\\\/www.sbim.be\\\/nl\\\/\",\"logo\":{\"@type\":\"ImageObject\",\"inLanguage\":\"nl-NL\",\"@id\":\"https:\\\/\\\/www.sbim.be\\\/nl\\\/#\\\/schema\\\/logo\\\/image\\\/\",\"url\":\"https:\\\/\\\/www.sbim.be\\\/wp-content\\\/uploads\\\/2026\\\/03\\\/Logo_SBIM-SWM-Group-EN_rgb.svg\",\"contentUrl\":\"https:\\\/\\\/www.sbim.be\\\/wp-content\\\/uploads\\\/2026\\\/03\\\/Logo_SBIM-SWM-Group-EN_rgb.svg\",\"width\":312,\"height\":148,\"caption\":\"SBIM - Soci\u00e9t\u00e9 Belge d'Informatique M\u00e9dicale\"},\"image\":{\"@id\":\"https:\\\/\\\/www.sbim.be\\\/nl\\\/#\\\/schema\\\/logo\\\/image\\\/\"},\"sameAs\":[\"https:\\\/\\\/www.linkedin.com\\\/company\\\/sbim\\\/\"]}]}<\/script>\n<!-- \/ Yoast SEO plugin. -->","yoast_head_json":{"title":"Onze geschiedenis - SBIM - Soci\u00e9t\u00e9 Belge d&#039;Informatique M\u00e9dicale","description":"Van 1987 tot vandaag: een terugblik op de belangrijkste mijlpalen van SBIM","robots":{"index":"index","follow":"follow","max-snippet":"max-snippet:-1","max-image-preview":"max-image-preview:large","max-video-preview":"max-video-preview:-1"},"canonical":"https:\/\/www.sbim.be\/nl\/over-sbim\/onze-geschiedenis\/","og_locale":"nl_NL","og_type":"article","og_title":"Onze geschiedenis - SBIM - Soci\u00e9t\u00e9 Belge d&#039;Informatique M\u00e9dicale","og_description":"Van 1987 tot vandaag: een terugblik op de belangrijkste mijlpalen van SBIM","og_url":"https:\/\/www.sbim.be\/nl\/over-sbim\/onze-geschiedenis\/","og_site_name":"SBIM - Soci\u00e9t\u00e9 Belge d&#039;Informatique M\u00e9dicale","article_modified_time":"2026-03-30T09:58:38+00:00","twitter_card":"summary_large_image","twitter_misc":{"Geschatte leestijd":"1 minuut"},"schema":{"@context":"https:\/\/schema.org","@graph":[{"@type":"WebPage","@id":"https:\/\/www.sbim.be\/nl\/over-sbim\/onze-geschiedenis\/","url":"https:\/\/www.sbim.be\/nl\/over-sbim\/onze-geschiedenis\/","name":"Onze geschiedenis - SBIM - Soci\u00e9t\u00e9 Belge d&#039;Informatique M\u00e9dicale","isPartOf":{"@id":"https:\/\/www.sbim.be\/nl\/#website"},"datePublished":"2026-03-02T13:12:47+00:00","dateModified":"2026-03-30T09:58:38+00:00","description":"Van 1987 tot vandaag: een terugblik op de belangrijkste mijlpalen van SBIM","breadcrumb":{"@id":"https:\/\/www.sbim.be\/nl\/over-sbim\/onze-geschiedenis\/#breadcrumb"},"inLanguage":"nl-NL","potentialAction":[{"@type":"ReadAction","target":["https:\/\/www.sbim.be\/nl\/over-sbim\/onze-geschiedenis\/"]}]},{"@type":"BreadcrumbList","@id":"https:\/\/www.sbim.be\/nl\/over-sbim\/onze-geschiedenis\/#breadcrumb","itemListElement":[{"@type":"ListItem","position":1,"name":"Home","item":"https:\/\/www.sbim.be\/nl\/"},{"@type":"ListItem","position":2,"name":"Over SBIM","item":"https:\/\/www.sbim.be\/nl\/over-sbim\/"},{"@type":"ListItem","position":3,"name":"Onze geschiedenis"}]},{"@type":"WebSite","@id":"https:\/\/www.sbim.be\/nl\/#website","url":"https:\/\/www.sbim.be\/nl\/","name":"SBIM - Soci\u00e9t\u00e9 Belge d'Informatique M\u00e9dicale","description":"","publisher":{"@id":"https:\/\/www.sbim.be\/nl\/#organization"},"potentialAction":[{"@type":"SearchAction","target":{"@type":"EntryPoint","urlTemplate":"https:\/\/www.sbim.be\/nl\/?s={search_term_string}"},"query-input":{"@type":"PropertyValueSpecification","valueRequired":true,"valueName":"search_term_string"}}],"inLanguage":"nl-NL"},{"@type":"Organization","@id":"https:\/\/www.sbim.be\/nl\/#organization","name":"SBIM - Soci\u00e9t\u00e9 Belge d'Informatique M\u00e9dicale","url":"https:\/\/www.sbim.be\/nl\/","logo":{"@type":"ImageObject","inLanguage":"nl-NL","@id":"https:\/\/www.sbim.be\/nl\/#\/schema\/logo\/image\/","url":"https:\/\/www.sbim.be\/wp-content\/uploads\/2026\/03\/Logo_SBIM-SWM-Group-EN_rgb.svg","contentUrl":"https:\/\/www.sbim.be\/wp-content\/uploads\/2026\/03\/Logo_SBIM-SWM-Group-EN_rgb.svg","width":312,"height":148,"caption":"SBIM - Soci\u00e9t\u00e9 Belge d'Informatique M\u00e9dicale"},"image":{"@id":"https:\/\/www.sbim.be\/nl\/#\/schema\/logo\/image\/"},"sameAs":["https:\/\/www.linkedin.com\/company\/sbim\/"]}]}},"_links":{"self":[{"href":"https:\/\/www.sbim.be\/nl\/wp-json\/wp\/v2\/pages\/1844","targetHints":{"allow":["GET"]}}],"collection":[{"href":"https:\/\/www.sbim.be\/nl\/wp-json\/wp\/v2\/pages"}],"about":[{"href":"https:\/\/www.sbim.be\/nl\/wp-json\/wp\/v2\/types\/page"}],"author":[{"embeddable":true,"href":"https:\/\/www.sbim.be\/nl\/wp-json\/wp\/v2\/users\/1"}],"replies":[{"embeddable":true,"href":"https:\/\/www.sbim.be\/nl\/wp-json\/wp\/v2\/comments?post=1844"}],"version-history":[{"count":4,"href":"https:\/\/www.sbim.be\/nl\/wp-json\/wp\/v2\/pages\/1844\/revisions"}],"predecessor-version":[{"id":2204,"href":"https:\/\/www.sbim.be\/nl\/wp-json\/wp\/v2\/pages\/1844\/revisions\/2204"}],"up":[{"embeddable":true,"href":"https:\/\/www.sbim.be\/nl\/wp-json\/wp\/v2\/pages\/1830"}],"wp:attachment":[{"href":"https:\/\/www.sbim.be\/nl\/wp-json\/wp\/v2\/media?parent=1844"}],"curies":[{"name":"wp","href":"https:\/\/api.w.org\/{rel}","templated":true}]}}