{"id":1927,"date":"2026-03-02T14:10:42","date_gmt":"2026-03-02T13:10:42","guid":{"rendered":"https:\/\/sbim.comaseinfo-support.be\/over-sbim\/softway-medical-group\/"},"modified":"2026-03-24T14:03:04","modified_gmt":"2026-03-24T13:03:04","slug":"softway-medical-group","status":"publish","type":"page","link":"https:\/\/www.sbim.be\/nl\/over-sbim\/softway-medical-group\/","title":{"rendered":"Softway Medical Group"},"content":{"rendered":"\t\t<div data-elementor-type=\"wp-page\" data-elementor-id=\"1927\" class=\"elementor elementor-1927 elementor-754\" data-elementor-post-type=\"page\">\n\t\t\t\t<div class=\"elementor-element elementor-element-bfabb4d e-flex e-con-boxed e-con e-parent\" data-id=\"bfabb4d\" data-element_type=\"container\" data-e-type=\"container\">\n\t\t\t\t\t<div class=\"e-con-inner\">\n\t\t<div class=\"elementor-element elementor-element-de9ea7e e-con-full e-flex e-con e-child\" data-id=\"de9ea7e\" data-element_type=\"container\" data-e-type=\"container\">\n\t\t\t\t<div class=\"elementor-element elementor-element-b2d0bad elementor-widget elementor-widget-heading\" data-id=\"b2d0bad\" data-element_type=\"widget\" data-e-type=\"widget\" data-widget_type=\"heading.default\">\n\t\t\t\t\t<h2 class=\"elementor-heading-title elementor-size-default\">Europese leider in gezondheidsinformatica<\/h2>\t\t\t\t<\/div>\n\t\t\t\t<div class=\"elementor-element elementor-element-a1339ca elementor-widget elementor-widget-text-editor\" data-id=\"a1339ca\" data-element_type=\"widget\" data-e-type=\"widget\" data-widget_type=\"text-editor.default\">\n\t\t\t\t\t\t\t\t\t<p class=\"text-text-muted text-lg leading-relaxed mb-4\">De Softway Medical Groep is een belangrijke speler in de gezondheidsinformatica in Frankrijk en Europa. Met meer dan 2.000 medewerkers ondersteunt de groep duizenden zorginstellingen in hun digitale transformatie.<\/p><p class=\"text-text-muted text-lg leading-relaxed mb-4\">Opgericht meer dan 30 jaar geleden ontwikkelt de groep een volledig aanbod van softwareoplossingen die alle behoeften van zorginstellingen dekken: elektronisch pati\u00ebntendossier, administratief en financieel beheer, medische beeldvorming, apotheek, biologie en nog veel meer.<\/p><p class=\"text-text-muted text-lg leading-relaxed\">De integratie van SBIM binnen de groep maakt het mogelijk om de Belgische expertise in ziekenhuisinformatica te combineren met de kracht van een internationale groep, ten voordele van alle zorginstellingen.<\/p>\t\t\t\t\t\t\t\t<\/div>\n\t\t\t\t<\/div>\n\t\t<div class=\"elementor-element elementor-element-0a7e3c5 e-con-full e-flex e-con e-child\" data-id=\"0a7e3c5\" data-element_type=\"container\" data-e-type=\"container\">\n\t\t\t\t<div class=\"elementor-element elementor-element-fa4e872 elementor-widget elementor-widget-image\" data-id=\"fa4e872\" data-element_type=\"widget\" data-e-type=\"widget\" data-widget_type=\"image.default\">\n\t\t\t\t\t\t\t\t\t\t\t\t\t\t\t<img fetchpriority=\"high\" decoding=\"async\" width=\"800\" height=\"534\" src=\"https:\/\/www.sbim.be\/wp-content\/uploads\/2026\/03\/Logo-baseline_SMG_ENG_rgb-1024x683.png\" class=\"attachment-large size-large wp-image-1937\" alt=\"\" srcset=\"https:\/\/www.sbim.be\/wp-content\/uploads\/2026\/03\/Logo-baseline_SMG_ENG_rgb-1024x683.png 1024w, https:\/\/www.sbim.be\/wp-content\/uploads\/2026\/03\/Logo-baseline_SMG_ENG_rgb-300x200.png 300w, https:\/\/www.sbim.be\/wp-content\/uploads\/2026\/03\/Logo-baseline_SMG_ENG_rgb-768x512.png 768w, https:\/\/www.sbim.be\/wp-content\/uploads\/2026\/03\/Logo-baseline_SMG_ENG_rgb-1536x1024.png 1536w, https:\/\/www.sbim.be\/wp-content\/uploads\/2026\/03\/Logo-baseline_SMG_ENG_rgb-2048x1366.png 2048w\" sizes=\"(max-width: 800px) 100vw, 800px\" \/>\t\t\t\t\t\t\t\t\t\t\t\t\t\t\t<\/div>\n\t\t\t\t<\/div>\n\t\t\t\t\t<\/div>\n\t\t\t\t<\/div>\n\t\t<div class=\"elementor-element elementor-element-2fb5485 e-grid e-con-boxed e-con e-child\" data-id=\"2fb5485\" data-element_type=\"container\" data-e-type=\"container\">\n\t\t\t\t\t<div class=\"e-con-inner\">\n\t\t\t\t<div class=\"elementor-element elementor-element-a303d49 elementor-widget elementor-widget-counter\" data-id=\"a303d49\" data-element_type=\"widget\" data-e-type=\"widget\" data-widget_type=\"counter.default\">\n\t\t\t\t\t\t\t<div class=\"elementor-counter\">\n\t\t\t<div class=\"elementor-counter-title\">medewerkers<\/div>\t\t\t<div class=\"elementor-counter-number-wrapper\">\n\t\t\t\t<span class=\"elementor-counter-number-prefix\"><\/span>\n\t\t\t\t<span class=\"elementor-counter-number\" data-duration=\"2000\" data-to-value=\"1300\" data-from-value=\"0\" data-delimiter=\" \">0<\/span>\n\t\t\t\t<span class=\"elementor-counter-number-suffix\">+<\/span>\n\t\t\t<\/div>\n\t\t<\/div>\n\t\t\t\t\t\t<\/div>\n\t\t\t\t<div class=\"elementor-element elementor-element-1d8e8d5 elementor-widget elementor-widget-counter\" data-id=\"1d8e8d5\" data-element_type=\"widget\" data-e-type=\"widget\" data-widget_type=\"counter.default\">\n\t\t\t\t\t\t\t<div class=\"elementor-counter\">\n\t\t\t<div class=\"elementor-counter-title\">zorginstellingen<\/div>\t\t\t<div class=\"elementor-counter-number-wrapper\">\n\t\t\t\t<span class=\"elementor-counter-number-prefix\"><\/span>\n\t\t\t\t<span class=\"elementor-counter-number\" data-duration=\"2000\" data-to-value=\"1400\" data-from-value=\"0\" data-delimiter=\" \">0<\/span>\n\t\t\t\t<span class=\"elementor-counter-number-suffix\">+<\/span>\n\t\t\t<\/div>\n\t\t<\/div>\n\t\t\t\t\t\t<\/div>\n\t\t\t\t<div class=\"elementor-element elementor-element-6b1097a elementor-widget elementor-widget-counter\" data-id=\"6b1097a\" data-element_type=\"widget\" data-e-type=\"widget\" data-widget_type=\"counter.default\">\n\t\t\t\t\t\t\t<div class=\"elementor-counter\">\n\t\t\t<div class=\"elementor-counter-title\">jaren ervaring<\/div>\t\t\t<div class=\"elementor-counter-number-wrapper\">\n\t\t\t\t<span class=\"elementor-counter-number-prefix\"><\/span>\n\t\t\t\t<span class=\"elementor-counter-number\" data-duration=\"2000\" data-to-value=\"30\" data-from-value=\"0\" data-delimiter=\",\">0<\/span>\n\t\t\t\t<span class=\"elementor-counter-number-suffix\">+<\/span>\n\t\t\t<\/div>\n\t\t<\/div>\n\t\t\t\t\t\t<\/div>\n\t\t\t\t<div class=\"elementor-element elementor-element-dedbe82 elementor-widget elementor-widget-counter\" data-id=\"dedbe82\" data-element_type=\"widget\" data-e-type=\"widget\" data-widget_type=\"counter.default\">\n\t\t\t\t\t\t\t<div class=\"elementor-counter\">\n\t\t\t<div class=\"elementor-counter-title\">landen<\/div>\t\t\t<div class=\"elementor-counter-number-wrapper\">\n\t\t\t\t<span class=\"elementor-counter-number-prefix\"><\/span>\n\t\t\t\t<span class=\"elementor-counter-number\" data-duration=\"2000\" data-to-value=\"3\" data-from-value=\"0\" data-delimiter=\",\">0<\/span>\n\t\t\t\t<span class=\"elementor-counter-number-suffix\"><\/span>\n\t\t\t<\/div>\n\t\t<\/div>\n\t\t\t\t\t\t<\/div>\n\t\t\t\t\t<\/div>\n\t\t\t\t<\/div>\n\t\t<div class=\"elementor-element elementor-element-60f7fbf e-flex e-con-boxed e-con e-parent\" data-id=\"60f7fbf\" data-element_type=\"container\" data-e-type=\"container\" data-settings=\"{&quot;background_background&quot;:&quot;classic&quot;}\">\n\t\t\t\t\t<div class=\"e-con-inner\">\n\t\t\t\t<div class=\"elementor-element elementor-element-e342aa5 elementor-widget elementor-widget-heading\" data-id=\"e342aa5\" data-element_type=\"widget\" data-e-type=\"widget\" data-widget_type=\"heading.default\">\n\t\t\t\t\t<h2 class=\"elementor-heading-title elementor-size-default\">SBIM binnen de groep<\/h2>\t\t\t\t<\/div>\n\t\t<div class=\"elementor-element elementor-element-11112ed e-con-full e-flex e-con e-child\" data-id=\"11112ed\" data-element_type=\"container\" data-e-type=\"container\" data-settings=\"{&quot;background_background&quot;:&quot;classic&quot;}\">\n\t\t\t\t<div class=\"elementor-element elementor-element-a0f71c5 elementor-widget elementor-widget-heading\" data-id=\"a0f71c5\" data-element_type=\"widget\" data-e-type=\"widget\" data-widget_type=\"heading.default\">\n\t\t\t\t\t<h3 class=\"elementor-heading-title elementor-size-default\">Belgische en Luxemburgse expertise<\/h3>\t\t\t\t<\/div>\n\t\t\t\t<div class=\"elementor-element elementor-element-1165fd9 elementor-widget elementor-widget-text-editor\" data-id=\"1165fd9\" data-element_type=\"widget\" data-e-type=\"widget\" data-widget_type=\"text-editor.default\">\n\t\t\t\t\t\t\t\t\t<p>SBIM is het expertisecentrum van de Softway Medical Groep voor de Belgische en Luxemburgse markt. Onze teams beheersen de reglementaire en organisatorische specificiteiten van zorginstellingen in de Benelux.<\/p>\t\t\t\t\t\t\t\t<\/div>\n\t\t\t\t<\/div>\n\t\t<div class=\"elementor-element elementor-element-97d9850 e-con-full e-flex e-con e-child\" data-id=\"97d9850\" data-element_type=\"container\" data-e-type=\"container\" data-settings=\"{&quot;background_background&quot;:&quot;classic&quot;}\">\n\t\t\t\t<div class=\"elementor-element elementor-element-91d3c29 elementor-widget elementor-widget-heading\" data-id=\"91d3c29\" data-element_type=\"widget\" data-e-type=\"widget\" data-widget_type=\"heading.default\">\n\t\t\t\t\t<h3 class=\"elementor-heading-title elementor-size-default\">Synergie\u00ebn en innovatie<\/h3>\t\t\t\t<\/div>\n\t\t\t\t<div class=\"elementor-element elementor-element-9320aac elementor-widget elementor-widget-text-editor\" data-id=\"9320aac\" data-element_type=\"widget\" data-e-type=\"widget\" data-widget_type=\"text-editor.default\">\n\t\t\t\t\t\t\t\t\t<p>Het lidmaatschap van de groep biedt toegang tot een ecosysteem van aanvullende oplossingen en tot versterkte R&amp;D-middelen om innovatie ten dienste van onze klanten te versnellen.<\/p>\t\t\t\t\t\t\t\t<\/div>\n\t\t\t\t<\/div>\n\t\t<div class=\"elementor-element elementor-element-1e2d6c8 e-con-full e-flex e-con e-child\" data-id=\"1e2d6c8\" data-element_type=\"container\" data-e-type=\"container\" data-settings=\"{&quot;background_background&quot;:&quot;classic&quot;}\">\n\t\t\t\t<div class=\"elementor-element elementor-element-e1374b3 elementor-widget elementor-widget-heading\" data-id=\"e1374b3\" data-element_type=\"widget\" data-e-type=\"widget\" data-widget_type=\"heading.default\">\n\t\t\t\t\t<h3 class=\"elementor-heading-title elementor-size-default\">Continu\u00efteit en nabijheid<\/h3>\t\t\t\t<\/div>\n\t\t\t\t<div class=\"elementor-element elementor-element-6abad38 elementor-widget elementor-widget-text-editor\" data-id=\"6abad38\" data-element_type=\"widget\" data-e-type=\"widget\" data-widget_type=\"text-editor.default\">\n\t\t\t\t\t\t\t\t\t<p>Onze klanten behouden hun vertrouwde contactpersoon en genieten van dezelfde persoonlijke begeleiding. De integratie in de groep versterkt onze capaciteiten zonder ons DNA aan te tasten.<\/p>\t\t\t\t\t\t\t\t<\/div>\n\t\t\t\t<\/div>\n\t\t\t\t\t<\/div>\n\t\t\t\t<\/div>\n\t\t<div class=\"elementor-element elementor-element-542084a e-flex e-con-boxed e-con e-parent\" data-id=\"542084a\" data-element_type=\"container\" data-e-type=\"container\">\n\t\t\t\t\t<div class=\"e-con-inner\">\n\t\t<div class=\"elementor-element elementor-element-102df7d e-con-full e-flex e-con e-child\" data-id=\"102df7d\" data-element_type=\"container\" data-e-type=\"container\" data-settings=\"{&quot;background_background&quot;:&quot;classic&quot;}\">\n\t\t\t\t<div class=\"elementor-element elementor-element-297b996 elementor-widget elementor-widget-heading\" data-id=\"297b996\" data-element_type=\"widget\" data-e-type=\"widget\" data-widget_type=\"heading.default\">\n\t\t\t\t\t<h2 class=\"elementor-heading-title elementor-size-default\">Ontdek de Softway Medical Group<\/h2>\t\t\t\t<\/div>\n\t\t\t\t<div class=\"elementor-element elementor-element-6eee5db elementor-widget elementor-widget-text-editor\" data-id=\"6eee5db\" data-element_type=\"widget\" data-e-type=\"widget\" data-widget_type=\"text-editor.default\">\n\t\t\t\t\t\t\t\t\t<p class=\"text-white\/90 text-lg leading-relaxed mb-8\">Bezoek de website van de groep voor meer informatie over alle activiteiten en aangeboden oplossingen.<\/p>\t\t\t\t\t\t\t\t<\/div>\n\t\t\t\t<div class=\"elementor-element elementor-element-b4c794e elementor-widget elementor-widget-button\" data-id=\"b4c794e\" data-element_type=\"widget\" data-e-type=\"widget\" data-widget_type=\"button.default\">\n\t\t\t\t\t\t\t\t\t\t<a class=\"elementor-button elementor-button-link elementor-size-sm\" href=\"https:\/\/www.groupesoftwaymedical.com\/\" target=\"_blank\">\n\t\t\t\t\t\t<span class=\"elementor-button-content-wrapper\">\n\t\t\t\t\t\t<span class=\"elementor-button-icon\">\n\t\t\t\t<svg aria-hidden=\"true\" class=\"e-font-icon-svg e-fas-external-link-alt\" viewBox=\"0 0 512 512\" xmlns=\"http:\/\/www.w3.org\/2000\/svg\"><path d=\"M432,320H400a16,16,0,0,0-16,16V448H64V128H208a16,16,0,0,0,16-16V80a16,16,0,0,0-16-16H48A48,48,0,0,0,0,112V464a48,48,0,0,0,48,48H400a48,48,0,0,0,48-48V336A16,16,0,0,0,432,320ZM488,0h-128c-21.37,0-32.05,25.91-17,41l35.73,35.73L135,320.37a24,24,0,0,0,0,34L157.67,377a24,24,0,0,0,34,0L435.28,133.32,471,169c15,15,41,4.5,41-17V24A24,24,0,0,0,488,0Z\"><\/path><\/svg>\t\t\t<\/span>\n\t\t\t\t\t\t\t\t\t<span class=\"elementor-button-text\">Bezoek groupesoftwaymedical.com<\/span>\n\t\t\t\t\t<\/span>\n\t\t\t\t\t<\/a>\n\t\t\t\t\t\t\t\t<\/div>\n\t\t\t\t<\/div>\n\t\t\t\t\t<\/div>\n\t\t\t\t<\/div>\n\t\t\t\t<\/div>\n\t\t","protected":false},"excerpt":{"rendered":"<p>Europese leider in gezondheidsinformatica De Softway Medical Groep is een belangrijke speler in de gezondheidsinformatica in Frankrijk en Europa. Met meer dan 2.000 medewerkers ondersteunt de groep duizenden zorginstellingen in hun digitale transformatie. Opgericht meer dan 30 jaar geleden ontwikkelt de groep een volledig aanbod van softwareoplossingen die alle behoeften van zorginstellingen dekken: elektronisch pati\u00ebntendossier, [&hellip;]<\/p>\n","protected":false},"author":1,"featured_media":0,"parent":1830,"menu_order":3,"comment_status":"closed","ping_status":"closed","template":"","meta":{"_acf_changed":false,"footnotes":""},"class_list":["post-1927","page","type-page","status-publish","hentry"],"acf":[],"yoast_head":"<!-- This site is optimized with the Yoast SEO plugin v27.3 - https:\/\/yoast.com\/product\/yoast-seo-wordpress\/ -->\n<title>Softway Medical Group - SBIM - Soci\u00e9t\u00e9 Belge d&#039;Informatique M\u00e9dicale<\/title>\n<meta name=\"robots\" content=\"index, follow, max-snippet:-1, max-image-preview:large, max-video-preview:-1\" \/>\n<link rel=\"canonical\" href=\"https:\/\/www.sbim.be\/nl\/over-sbim\/softway-medical-group\/\" \/>\n<meta property=\"og:locale\" content=\"nl_NL\" \/>\n<meta property=\"og:type\" content=\"article\" \/>\n<meta property=\"og:title\" content=\"Softway Medical Group - SBIM - Soci\u00e9t\u00e9 Belge d&#039;Informatique M\u00e9dicale\" \/>\n<meta property=\"og:description\" content=\"Europese leider in gezondheidsinformatica De Softway Medical Groep is een belangrijke speler in de gezondheidsinformatica in Frankrijk en Europa. Met meer dan 2.000 medewerkers ondersteunt de groep duizenden zorginstellingen in hun digitale transformatie. Opgericht meer dan 30 jaar geleden ontwikkelt de groep een volledig aanbod van softwareoplossingen die alle behoeften van zorginstellingen dekken: elektronisch pati\u00ebntendossier, [&hellip;]\" \/>\n<meta property=\"og:url\" content=\"https:\/\/www.sbim.be\/nl\/over-sbim\/softway-medical-group\/\" \/>\n<meta property=\"og:site_name\" content=\"SBIM - Soci\u00e9t\u00e9 Belge d&#039;Informatique M\u00e9dicale\" \/>\n<meta property=\"article:modified_time\" content=\"2026-03-24T13:03:04+00:00\" \/>\n<meta property=\"og:image\" content=\"https:\/\/sbim.comaseinfo-support.be\/wp-content\/uploads\/2026\/03\/Logo-baseline_SMG_ENG_rgb-1024x683.png\" \/>\n<meta name=\"twitter:card\" content=\"summary_large_image\" \/>\n<meta name=\"twitter:label1\" content=\"Geschatte leestijd\" \/>\n\t<meta name=\"twitter:data1\" content=\"1 minuut\" \/>\n<script type=\"application\/ld+json\" class=\"yoast-schema-graph\">{\"@context\":\"https:\\\/\\\/schema.org\",\"@graph\":[{\"@type\":\"WebPage\",\"@id\":\"https:\\\/\\\/www.sbim.be\\\/nl\\\/over-sbim\\\/softway-medical-group\\\/\",\"url\":\"https:\\\/\\\/www.sbim.be\\\/nl\\\/over-sbim\\\/softway-medical-group\\\/\",\"name\":\"Softway Medical Group - SBIM - Soci\u00e9t\u00e9 Belge d&#039;Informatique M\u00e9dicale\",\"isPartOf\":{\"@id\":\"https:\\\/\\\/www.sbim.be\\\/nl\\\/#website\"},\"primaryImageOfPage\":{\"@id\":\"https:\\\/\\\/www.sbim.be\\\/nl\\\/over-sbim\\\/softway-medical-group\\\/#primaryimage\"},\"image\":{\"@id\":\"https:\\\/\\\/www.sbim.be\\\/nl\\\/over-sbim\\\/softway-medical-group\\\/#primaryimage\"},\"thumbnailUrl\":\"https:\\\/\\\/sbim.comaseinfo-support.be\\\/wp-content\\\/uploads\\\/2026\\\/03\\\/Logo-baseline_SMG_ENG_rgb-1024x683.png\",\"datePublished\":\"2026-03-02T13:10:42+00:00\",\"dateModified\":\"2026-03-24T13:03:04+00:00\",\"breadcrumb\":{\"@id\":\"https:\\\/\\\/www.sbim.be\\\/nl\\\/over-sbim\\\/softway-medical-group\\\/#breadcrumb\"},\"inLanguage\":\"nl-NL\",\"potentialAction\":[{\"@type\":\"ReadAction\",\"target\":[\"https:\\\/\\\/www.sbim.be\\\/nl\\\/over-sbim\\\/softway-medical-group\\\/\"]}]},{\"@type\":\"ImageObject\",\"inLanguage\":\"nl-NL\",\"@id\":\"https:\\\/\\\/www.sbim.be\\\/nl\\\/over-sbim\\\/softway-medical-group\\\/#primaryimage\",\"url\":\"https:\\\/\\\/sbim.comaseinfo-support.be\\\/wp-content\\\/uploads\\\/2026\\\/03\\\/Logo-baseline_SMG_ENG_rgb-1024x683.png\",\"contentUrl\":\"https:\\\/\\\/sbim.comaseinfo-support.be\\\/wp-content\\\/uploads\\\/2026\\\/03\\\/Logo-baseline_SMG_ENG_rgb-1024x683.png\"},{\"@type\":\"BreadcrumbList\",\"@id\":\"https:\\\/\\\/www.sbim.be\\\/nl\\\/over-sbim\\\/softway-medical-group\\\/#breadcrumb\",\"itemListElement\":[{\"@type\":\"ListItem\",\"position\":1,\"name\":\"Home\",\"item\":\"https:\\\/\\\/www.sbim.be\\\/nl\\\/\"},{\"@type\":\"ListItem\",\"position\":2,\"name\":\"Over SBIM\",\"item\":\"https:\\\/\\\/www.sbim.be\\\/nl\\\/over-sbim\\\/\"},{\"@type\":\"ListItem\",\"position\":3,\"name\":\"Softway Medical Group\"}]},{\"@type\":\"WebSite\",\"@id\":\"https:\\\/\\\/www.sbim.be\\\/nl\\\/#website\",\"url\":\"https:\\\/\\\/www.sbim.be\\\/nl\\\/\",\"name\":\"SBIM - Soci\u00e9t\u00e9 Belge d'Informatique M\u00e9dicale\",\"description\":\"\",\"publisher\":{\"@id\":\"https:\\\/\\\/www.sbim.be\\\/nl\\\/#organization\"},\"potentialAction\":[{\"@type\":\"SearchAction\",\"target\":{\"@type\":\"EntryPoint\",\"urlTemplate\":\"https:\\\/\\\/www.sbim.be\\\/nl\\\/?s={search_term_string}\"},\"query-input\":{\"@type\":\"PropertyValueSpecification\",\"valueRequired\":true,\"valueName\":\"search_term_string\"}}],\"inLanguage\":\"nl-NL\"},{\"@type\":\"Organization\",\"@id\":\"https:\\\/\\\/www.sbim.be\\\/nl\\\/#organization\",\"name\":\"SBIM - Soci\u00e9t\u00e9 Belge d'Informatique M\u00e9dicale\",\"url\":\"https:\\\/\\\/www.sbim.be\\\/nl\\\/\",\"logo\":{\"@type\":\"ImageObject\",\"inLanguage\":\"nl-NL\",\"@id\":\"https:\\\/\\\/www.sbim.be\\\/nl\\\/#\\\/schema\\\/logo\\\/image\\\/\",\"url\":\"https:\\\/\\\/www.sbim.be\\\/wp-content\\\/uploads\\\/2026\\\/03\\\/Logo_SBIM-SWM-Group-EN_rgb.svg\",\"contentUrl\":\"https:\\\/\\\/www.sbim.be\\\/wp-content\\\/uploads\\\/2026\\\/03\\\/Logo_SBIM-SWM-Group-EN_rgb.svg\",\"width\":312,\"height\":148,\"caption\":\"SBIM - Soci\u00e9t\u00e9 Belge d'Informatique M\u00e9dicale\"},\"image\":{\"@id\":\"https:\\\/\\\/www.sbim.be\\\/nl\\\/#\\\/schema\\\/logo\\\/image\\\/\"},\"sameAs\":[\"https:\\\/\\\/www.linkedin.com\\\/company\\\/sbim\\\/\"]}]}<\/script>\n<!-- \/ Yoast SEO plugin. -->","yoast_head_json":{"title":"Softway Medical Group - SBIM - Soci\u00e9t\u00e9 Belge d&#039;Informatique M\u00e9dicale","robots":{"index":"index","follow":"follow","max-snippet":"max-snippet:-1","max-image-preview":"max-image-preview:large","max-video-preview":"max-video-preview:-1"},"canonical":"https:\/\/www.sbim.be\/nl\/over-sbim\/softway-medical-group\/","og_locale":"nl_NL","og_type":"article","og_title":"Softway Medical Group - SBIM - Soci\u00e9t\u00e9 Belge d&#039;Informatique M\u00e9dicale","og_description":"Europese leider in gezondheidsinformatica De Softway Medical Groep is een belangrijke speler in de gezondheidsinformatica in Frankrijk en Europa. Met meer dan 2.000 medewerkers ondersteunt de groep duizenden zorginstellingen in hun digitale transformatie. Opgericht meer dan 30 jaar geleden ontwikkelt de groep een volledig aanbod van softwareoplossingen die alle behoeften van zorginstellingen dekken: elektronisch pati\u00ebntendossier, [&hellip;]","og_url":"https:\/\/www.sbim.be\/nl\/over-sbim\/softway-medical-group\/","og_site_name":"SBIM - Soci\u00e9t\u00e9 Belge d&#039;Informatique M\u00e9dicale","article_modified_time":"2026-03-24T13:03:04+00:00","og_image":[{"url":"https:\/\/sbim.comaseinfo-support.be\/wp-content\/uploads\/2026\/03\/Logo-baseline_SMG_ENG_rgb-1024x683.png","type":"","width":"","height":""}],"twitter_card":"summary_large_image","twitter_misc":{"Geschatte leestijd":"1 minuut"},"schema":{"@context":"https:\/\/schema.org","@graph":[{"@type":"WebPage","@id":"https:\/\/www.sbim.be\/nl\/over-sbim\/softway-medical-group\/","url":"https:\/\/www.sbim.be\/nl\/over-sbim\/softway-medical-group\/","name":"Softway Medical Group - SBIM - Soci\u00e9t\u00e9 Belge d&#039;Informatique M\u00e9dicale","isPartOf":{"@id":"https:\/\/www.sbim.be\/nl\/#website"},"primaryImageOfPage":{"@id":"https:\/\/www.sbim.be\/nl\/over-sbim\/softway-medical-group\/#primaryimage"},"image":{"@id":"https:\/\/www.sbim.be\/nl\/over-sbim\/softway-medical-group\/#primaryimage"},"thumbnailUrl":"https:\/\/sbim.comaseinfo-support.be\/wp-content\/uploads\/2026\/03\/Logo-baseline_SMG_ENG_rgb-1024x683.png","datePublished":"2026-03-02T13:10:42+00:00","dateModified":"2026-03-24T13:03:04+00:00","breadcrumb":{"@id":"https:\/\/www.sbim.be\/nl\/over-sbim\/softway-medical-group\/#breadcrumb"},"inLanguage":"nl-NL","potentialAction":[{"@type":"ReadAction","target":["https:\/\/www.sbim.be\/nl\/over-sbim\/softway-medical-group\/"]}]},{"@type":"ImageObject","inLanguage":"nl-NL","@id":"https:\/\/www.sbim.be\/nl\/over-sbim\/softway-medical-group\/#primaryimage","url":"https:\/\/sbim.comaseinfo-support.be\/wp-content\/uploads\/2026\/03\/Logo-baseline_SMG_ENG_rgb-1024x683.png","contentUrl":"https:\/\/sbim.comaseinfo-support.be\/wp-content\/uploads\/2026\/03\/Logo-baseline_SMG_ENG_rgb-1024x683.png"},{"@type":"BreadcrumbList","@id":"https:\/\/www.sbim.be\/nl\/over-sbim\/softway-medical-group\/#breadcrumb","itemListElement":[{"@type":"ListItem","position":1,"name":"Home","item":"https:\/\/www.sbim.be\/nl\/"},{"@type":"ListItem","position":2,"name":"Over SBIM","item":"https:\/\/www.sbim.be\/nl\/over-sbim\/"},{"@type":"ListItem","position":3,"name":"Softway Medical Group"}]},{"@type":"WebSite","@id":"https:\/\/www.sbim.be\/nl\/#website","url":"https:\/\/www.sbim.be\/nl\/","name":"SBIM - Soci\u00e9t\u00e9 Belge d'Informatique M\u00e9dicale","description":"","publisher":{"@id":"https:\/\/www.sbim.be\/nl\/#organization"},"potentialAction":[{"@type":"SearchAction","target":{"@type":"EntryPoint","urlTemplate":"https:\/\/www.sbim.be\/nl\/?s={search_term_string}"},"query-input":{"@type":"PropertyValueSpecification","valueRequired":true,"valueName":"search_term_string"}}],"inLanguage":"nl-NL"},{"@type":"Organization","@id":"https:\/\/www.sbim.be\/nl\/#organization","name":"SBIM - Soci\u00e9t\u00e9 Belge d'Informatique M\u00e9dicale","url":"https:\/\/www.sbim.be\/nl\/","logo":{"@type":"ImageObject","inLanguage":"nl-NL","@id":"https:\/\/www.sbim.be\/nl\/#\/schema\/logo\/image\/","url":"https:\/\/www.sbim.be\/wp-content\/uploads\/2026\/03\/Logo_SBIM-SWM-Group-EN_rgb.svg","contentUrl":"https:\/\/www.sbim.be\/wp-content\/uploads\/2026\/03\/Logo_SBIM-SWM-Group-EN_rgb.svg","width":312,"height":148,"caption":"SBIM - Soci\u00e9t\u00e9 Belge d'Informatique M\u00e9dicale"},"image":{"@id":"https:\/\/www.sbim.be\/nl\/#\/schema\/logo\/image\/"},"sameAs":["https:\/\/www.linkedin.com\/company\/sbim\/"]}]}},"_links":{"self":[{"href":"https:\/\/www.sbim.be\/nl\/wp-json\/wp\/v2\/pages\/1927","targetHints":{"allow":["GET"]}}],"collection":[{"href":"https:\/\/www.sbim.be\/nl\/wp-json\/wp\/v2\/pages"}],"about":[{"href":"https:\/\/www.sbim.be\/nl\/wp-json\/wp\/v2\/types\/page"}],"author":[{"embeddable":true,"href":"https:\/\/www.sbim.be\/nl\/wp-json\/wp\/v2\/users\/1"}],"replies":[{"embeddable":true,"href":"https:\/\/www.sbim.be\/nl\/wp-json\/wp\/v2\/comments?post=1927"}],"version-history":[{"count":2,"href":"https:\/\/www.sbim.be\/nl\/wp-json\/wp\/v2\/pages\/1927\/revisions"}],"predecessor-version":[{"id":1938,"href":"https:\/\/www.sbim.be\/nl\/wp-json\/wp\/v2\/pages\/1927\/revisions\/1938"}],"up":[{"embeddable":true,"href":"https:\/\/www.sbim.be\/nl\/wp-json\/wp\/v2\/pages\/1830"}],"wp:attachment":[{"href":"https:\/\/www.sbim.be\/nl\/wp-json\/wp\/v2\/media?parent=1927"}],"curies":[{"name":"wp","href":"https:\/\/api.w.org\/{rel}","templated":true}]}}