{"id":2006,"date":"2026-02-28T15:28:07","date_gmt":"2026-02-28T14:28:07","guid":{"rendered":"https:\/\/sbim.comaseinfo-support.be\/rejoignez-nous\/"},"modified":"2026-03-25T14:24:49","modified_gmt":"2026-03-25T13:24:49","slug":"jobs","status":"publish","type":"page","link":"https:\/\/www.sbim.be\/nl\/jobs\/","title":{"rendered":"Sluit je bij ons aan"},"content":{"rendered":"\t\t<div data-elementor-type=\"wp-page\" data-elementor-id=\"2006\" class=\"elementor elementor-2006 elementor-602\" data-elementor-post-type=\"page\">\n\t\t\t\t<div class=\"elementor-element elementor-element-45caf4d e-flex e-con-boxed e-con e-parent\" data-id=\"45caf4d\" data-element_type=\"container\" data-e-type=\"container\" data-settings=\"{&quot;background_background&quot;:&quot;classic&quot;}\">\n\t\t\t\t\t<div class=\"e-con-inner\">\n\t\t\t\t<div class=\"elementor-element elementor-element-d9de310 elementor-widget elementor-widget-sbim_emplois\" data-id=\"d9de310\" data-element_type=\"widget\" data-e-type=\"widget\" data-widget_type=\"sbim_emplois.default\">\n\t\t\t\t<div class=\"elementor-widget-container\">\n\t\t\t\t\t<div class=\"sbim-emplois-wrapper\"><div class=\"sbim-emplois-header\"><p class=\"sbim-emplois-count\">2 openstaande vacatures<\/p><\/div><ul class=\"sbim-emplois-grid\">\t\t\t<li>\n\t\t\t\t<article class=\"sbim-emploi-card\">\n\n\t\t\t\t\t<!-- Lien \u00e9tendu -->\n\t\t\t\t\t<a href=\"https:\/\/carriere.groupesoftwaymedical.fr\/jobs\/7284796-assistant-commercial-f-h\" target=\"_blank\" rel=\"noopener noreferrer\"\t\t\t\t\t   class=\"sbim-emploi-card__link\"\n\t\t\t\t\t   aria-label=\"Commercieel assistent\"><\/a>\n\n\t\t\t\t\t<!-- Badge contrat -->\n\t\t\t\t\t\t\t\t\t\t\t<div class=\"sbim-emploi-card__badges\">\n\t\t\t\t\t\t\t<span class=\"sbim-emploi-card__badge\">\n\t\t\t\t\t\t\t\tVAST CONTRACT\t\t\t\t\t\t\t<\/span>\n\t\t\t\t\t\t<\/div>\n\t\t\t\t\t\n\t\t\t\t\t<!-- Titre -->\n\t\t\t\t\t<h3 class=\"sbim-emploi-card__title\">\n\t\t\t\t\t\tCommercieel assistent\t\t\t\t\t<\/h3>\n\n\t\t\t\t\t<!-- M\u00e9ta : localisation -->\n\t\t\t\t\t\t\t\t\t\t\t<div class=\"sbim-emploi-card__meta\">\n\t\t\t\t\t\t\t<svg xmlns=\"http:\/\/www.w3.org\/2000\/svg\" viewBox=\"0 0 24 24\" fill=\"none\" stroke=\"currentColor\" stroke-width=\"2\" stroke-linecap=\"round\" stroke-linejoin=\"round\" aria-hidden=\"true\">\n\t\t\t\t\t\t\t\t<path d=\"M21 10c0 7-9 13-9 13s-9-6-9-13a9 9 0 0 1 18 0z\"\/><circle cx=\"12\" cy=\"10\" r=\"3\"\/>\n\t\t\t\t\t\t\t<\/svg>\n\t\t\t\t\t\t\tCharleroi\t\t\t\t\t\t<\/div>\n\t\t\t\t\t\n\t\t\t\t\t<!-- Description -->\n\t\t\t\t\t\t\t\t\t\t\t<div class=\"sbim-emploi-card__content\">\n\t\t\t\t\t\t\t<p>De Softway Medical Group werft een toekomstige commercieel assistent (m\/v) aan voor zijn dochteronderneming in Charleroi, Belgi\u00eb!<\/p>\n<p>Voor het team \u201cCommercie &amp; Marketing\u201d zijn wij momenteel op zoek naar een enthousiaste medewerker om onze groei te ondersteunen.<\/p>\n\t\t\t\t\t\t<\/div>\n\t\t\t\t\t\n\t\t\t\t\t<!-- Footer CTA -->\n\t\t\t\t\t<div class=\"sbim-emploi-card__footer\">\n\t\t\t\t\t\t<span class=\"sbim-emploi-card__cta\">\n\t\t\t\t\t\t\tVacature bekijken\t\t\t\t\t\t\t\t\t\t\t\t\t\t\t<!-- Ic\u00f4ne external link -->\n\t\t\t\t\t\t\t\t<svg xmlns=\"http:\/\/www.w3.org\/2000\/svg\" viewBox=\"0 0 24 24\" fill=\"none\" stroke=\"currentColor\" stroke-width=\"2\" stroke-linecap=\"round\" stroke-linejoin=\"round\" aria-hidden=\"true\">\n\t\t\t\t\t\t\t\t\t<path d=\"M18 13v6a2 2 0 0 1-2 2H5a2 2 0 0 1-2-2V8a2 2 0 0 1 2-2h6\"\/><polyline points=\"15 3 21 3 21 9\"\/><line x1=\"10\" y1=\"14\" x2=\"21\" y2=\"3\"\/>\n\t\t\t\t\t\t\t\t<\/svg>\n\t\t\t\t\t\t\t\t\t\t\t\t\t<\/span>\n\t\t\t\t\t<\/div>\n\n\t\t\t\t<\/article>\n\t\t\t<\/li>\n\t\t\t\t\t\t<li>\n\t\t\t\t<article class=\"sbim-emploi-card\">\n\n\t\t\t\t\t<!-- Lien \u00e9tendu -->\n\t\t\t\t\t<a href=\"https:\/\/carriere.groupesoftwaymedical.fr\/jobs\/7355282-administrateur-systemes-et-reseaux-f-h\" target=\"_blank\" rel=\"noopener noreferrer\"\t\t\t\t\t   class=\"sbim-emploi-card__link\"\n\t\t\t\t\t   aria-label=\"Netwerk- en Systeembeheerder\"><\/a>\n\n\t\t\t\t\t<!-- Badge contrat -->\n\t\t\t\t\t\t\t\t\t\t\t<div class=\"sbim-emploi-card__badges\">\n\t\t\t\t\t\t\t<span class=\"sbim-emploi-card__badge\">\n\t\t\t\t\t\t\t\tVAST CONTRACT\t\t\t\t\t\t\t<\/span>\n\t\t\t\t\t\t<\/div>\n\t\t\t\t\t\n\t\t\t\t\t<!-- Titre -->\n\t\t\t\t\t<h3 class=\"sbim-emploi-card__title\">\n\t\t\t\t\t\tNetwerk- en Systeembeheerder\t\t\t\t\t<\/h3>\n\n\t\t\t\t\t<!-- M\u00e9ta : localisation -->\n\t\t\t\t\t\t\t\t\t\t\t<div class=\"sbim-emploi-card__meta\">\n\t\t\t\t\t\t\t<svg xmlns=\"http:\/\/www.w3.org\/2000\/svg\" viewBox=\"0 0 24 24\" fill=\"none\" stroke=\"currentColor\" stroke-width=\"2\" stroke-linecap=\"round\" stroke-linejoin=\"round\" aria-hidden=\"true\">\n\t\t\t\t\t\t\t\t<path d=\"M21 10c0 7-9 13-9 13s-9-6-9-13a9 9 0 0 1 18 0z\"\/><circle cx=\"12\" cy=\"10\" r=\"3\"\/>\n\t\t\t\t\t\t\t<\/svg>\n\t\t\t\t\t\t\tCharleroi\t\t\t\t\t\t<\/div>\n\t\t\t\t\t\n\t\t\t\t\t<!-- Description -->\n\t\t\t\t\t\t\t\t\t\t\t<div class=\"sbim-emploi-card__content\">\n\t\t\t\t\t\t\t<p>De Softway Medical Group werft haar toekomstige Netwerk- en Systeembeheerder (M\/V) aan voor haar dochteronderneming SBIM in Charleroi, Belgi\u00eb!<\/p>\n\t\t\t\t\t\t<\/div>\n\t\t\t\t\t\n\t\t\t\t\t<!-- Footer CTA -->\n\t\t\t\t\t<div class=\"sbim-emploi-card__footer\">\n\t\t\t\t\t\t<span class=\"sbim-emploi-card__cta\">\n\t\t\t\t\t\t\tVacature bekijken\t\t\t\t\t\t\t\t\t\t\t\t\t\t\t<!-- Ic\u00f4ne external link -->\n\t\t\t\t\t\t\t\t<svg xmlns=\"http:\/\/www.w3.org\/2000\/svg\" viewBox=\"0 0 24 24\" fill=\"none\" stroke=\"currentColor\" stroke-width=\"2\" stroke-linecap=\"round\" stroke-linejoin=\"round\" aria-hidden=\"true\">\n\t\t\t\t\t\t\t\t\t<path d=\"M18 13v6a2 2 0 0 1-2 2H5a2 2 0 0 1-2-2V8a2 2 0 0 1 2-2h6\"\/><polyline points=\"15 3 21 3 21 9\"\/><line x1=\"10\" y1=\"14\" x2=\"21\" y2=\"3\"\/>\n\t\t\t\t\t\t\t\t<\/svg>\n\t\t\t\t\t\t\t\t\t\t\t\t\t<\/span>\n\t\t\t\t\t<\/div>\n\n\t\t\t\t<\/article>\n\t\t\t<\/li>\n\t\t\t<\/ul><\/div>\t\t\t\t<\/div>\n\t\t\t\t<\/div>\n\t\t\t\t\t<\/div>\n\t\t\t\t<\/div>\n\t\t<div class=\"elementor-element elementor-element-82739c2 e-flex e-con-boxed e-con e-parent\" data-id=\"82739c2\" data-element_type=\"container\" data-e-type=\"container\">\n\t\t\t\t\t<div class=\"e-con-inner\">\n\t\t<div class=\"elementor-element elementor-element-3fe8ecc e-con-full e-flex e-con e-child\" data-id=\"3fe8ecc\" data-element_type=\"container\" data-e-type=\"container\" data-settings=\"{&quot;background_background&quot;:&quot;classic&quot;}\">\n\t\t\t\t<div class=\"elementor-element elementor-element-4778d24 elementor-widget elementor-widget-text-editor\" data-id=\"4778d24\" data-element_type=\"widget\" data-e-type=\"widget\" data-widget_type=\"text-editor.default\">\n\t\t\t\t\t\t\t\t\t<p>Wil je ons team versterken, maar is er geen vacature die bij je past? Stuur ons je sollicitatie per e-mail.<\/p>\t\t\t\t\t\t\t\t<\/div>\n\t\t\t\t<div class=\"elementor-element elementor-element-2672022 elementor-widget elementor-widget-button\" data-id=\"2672022\" data-element_type=\"widget\" data-e-type=\"widget\" data-widget_type=\"button.default\">\n\t\t\t\t\t\t\t\t\t\t<a class=\"elementor-button elementor-button-link elementor-size-sm\" href=\"mailto:f.libotte@sbim.be\">\n\t\t\t\t\t\t<span class=\"elementor-button-content-wrapper\">\n\t\t\t\t\t\t\t\t\t<span class=\"elementor-button-text\">Open sollicitatie \u2014 f.libotte@sbim.be<\/span>\n\t\t\t\t\t<\/span>\n\t\t\t\t\t<\/a>\n\t\t\t\t\t\t\t\t<\/div>\n\t\t\t\t<\/div>\n\t\t\t\t\t<\/div>\n\t\t\t\t<\/div>\n\t\t<div class=\"elementor-element elementor-element-c964ec8 e-flex e-con-boxed e-con e-parent\" data-id=\"c964ec8\" data-element_type=\"container\" data-e-type=\"container\">\n\t\t\t\t\t<div class=\"e-con-inner\">\n\t\t<div class=\"elementor-element elementor-element-e63783c e-con-full e-flex e-con e-child\" data-id=\"e63783c\" data-element_type=\"container\" data-e-type=\"container\" data-settings=\"{&quot;background_background&quot;:&quot;classic&quot;}\">\n\t\t\t\t<div class=\"elementor-element elementor-element-63866ff elementor-widget elementor-widget-heading\" data-id=\"63866ff\" data-element_type=\"widget\" data-e-type=\"widget\" data-widget_type=\"heading.default\">\n\t\t\t\t\t<h2 class=\"elementor-heading-title elementor-size-default\">Waarom kiezen voor SBIM?<\/h2>\t\t\t\t<\/div>\n\t\t<div class=\"elementor-element elementor-element-7e3d5f0 e-grid e-con-boxed e-con e-child\" data-id=\"7e3d5f0\" data-element_type=\"container\" data-e-type=\"container\">\n\t\t\t\t\t<div class=\"e-con-inner\">\n\t\t<div class=\"elementor-element elementor-element-e9df463 e-con-full e-flex e-con e-child\" data-id=\"e9df463\" data-element_type=\"container\" data-e-type=\"container\">\n\t\t\t\t<div class=\"elementor-element elementor-element-8c3de38 elementor-widget elementor-widget-heading\" data-id=\"8c3de38\" data-element_type=\"widget\" data-e-type=\"widget\" data-widget_type=\"heading.default\">\n\t\t\t\t\t<h3 class=\"elementor-heading-title elementor-size-default\">Zinvol werk<\/h3>\t\t\t\t<\/div>\n\t\t\t\t<div class=\"elementor-element elementor-element-d65380c elementor-widget elementor-widget-text-editor\" data-id=\"d65380c\" data-element_type=\"widget\" data-e-type=\"widget\" data-widget_type=\"text-editor.default\">\n\t\t\t\t\t\t\t\t\t<p>Draag bij aan de digitale transformatie van de gezondheidssector.<\/p>\t\t\t\t\t\t\t\t<\/div>\n\t\t\t\t<\/div>\n\t\t<div class=\"elementor-element elementor-element-4bc796a e-con-full e-flex e-con e-child\" data-id=\"4bc796a\" data-element_type=\"container\" data-e-type=\"container\">\n\t\t\t\t<div class=\"elementor-element elementor-element-2e5618f elementor-widget elementor-widget-heading\" data-id=\"2e5618f\" data-element_type=\"widget\" data-e-type=\"widget\" data-widget_type=\"heading.default\">\n\t\t\t\t\t<h3 class=\"elementor-heading-title elementor-size-default\">Een Europese groep<\/h3>\t\t\t\t<\/div>\n\t\t\t\t<div class=\"elementor-element elementor-element-d245256 elementor-widget elementor-widget-text-editor\" data-id=\"d245256\" data-element_type=\"widget\" data-e-type=\"widget\" data-widget_type=\"text-editor.default\">\n\t\t\t\t\t\t\t\t\t<p>Word lid van de Softway Medical Group, een belangrijke speler in de e-gezondheidszorg.<\/p>\t\t\t\t\t\t\t\t<\/div>\n\t\t\t\t<\/div>\n\t\t<div class=\"elementor-element elementor-element-e590c9b e-con-full e-flex e-con e-child\" data-id=\"e590c9b\" data-element_type=\"container\" data-e-type=\"container\">\n\t\t\t\t<div class=\"elementor-element elementor-element-34f4802 elementor-widget elementor-widget-heading\" data-id=\"34f4802\" data-element_type=\"widget\" data-e-type=\"widget\" data-widget_type=\"heading.default\">\n\t\t\t\t\t<h3 class=\"elementor-heading-title elementor-size-default\">Ontwikkeling<\/h3>\t\t\t\t<\/div>\n\t\t\t\t<div class=\"elementor-element elementor-element-ceca8e9 elementor-widget elementor-widget-text-editor\" data-id=\"ceca8e9\" data-element_type=\"widget\" data-e-type=\"widget\" data-widget_type=\"text-editor.default\">\n\t\t\t\t\t\t\t\t\t<p>Ontwikkel je vaardigheden in een stimulerende omgeving.<\/p>\t\t\t\t\t\t\t\t<\/div>\n\t\t\t\t<\/div>\n\t\t\t\t\t<\/div>\n\t\t\t\t<\/div>\n\t\t\t\t<\/div>\n\t\t\t\t\t<\/div>\n\t\t\t\t<\/div>\n\t\t\t\t<\/div>\n\t\t","protected":false},"excerpt":{"rendered":"<p>Ontdek de vacatures bij SBIM en sluit je aan bij een gepassioneerd team<\/p>\n","protected":false},"author":1,"featured_media":0,"parent":0,"menu_order":0,"comment_status":"closed","ping_status":"closed","template":"","meta":{"_acf_changed":false,"footnotes":""},"class_list":["post-2006","page","type-page","status-publish","hentry"],"acf":[],"yoast_head":"<!-- This site is optimized with the Yoast SEO plugin v27.3 - https:\/\/yoast.com\/product\/yoast-seo-wordpress\/ -->\n<title>Sluit je bij ons aan - SBIM - Soci\u00e9t\u00e9 Belge d&#039;Informatique M\u00e9dicale<\/title>\n<meta name=\"description\" content=\"Ontdek de vacatures bij SBIM en sluit je aan bij een gepassioneerd team\" \/>\n<meta name=\"robots\" content=\"index, follow, max-snippet:-1, max-image-preview:large, max-video-preview:-1\" \/>\n<link rel=\"canonical\" href=\"https:\/\/www.sbim.be\/nl\/jobs\/\" \/>\n<meta property=\"og:locale\" content=\"nl_NL\" \/>\n<meta property=\"og:type\" content=\"article\" \/>\n<meta property=\"og:title\" content=\"Sluit je bij ons aan - SBIM - Soci\u00e9t\u00e9 Belge d&#039;Informatique M\u00e9dicale\" \/>\n<meta property=\"og:description\" content=\"Ontdek de vacatures bij SBIM en sluit je aan bij een gepassioneerd team\" \/>\n<meta property=\"og:url\" content=\"https:\/\/www.sbim.be\/nl\/jobs\/\" \/>\n<meta property=\"og:site_name\" content=\"SBIM - Soci\u00e9t\u00e9 Belge d&#039;Informatique M\u00e9dicale\" \/>\n<meta property=\"article:modified_time\" content=\"2026-03-25T13:24:49+00:00\" \/>\n<meta name=\"twitter:card\" content=\"summary_large_image\" \/>\n<meta name=\"twitter:label1\" content=\"Geschatte leestijd\" \/>\n\t<meta name=\"twitter:data1\" content=\"1 minuut\" \/>\n<script type=\"application\/ld+json\" class=\"yoast-schema-graph\">{\"@context\":\"https:\\\/\\\/schema.org\",\"@graph\":[{\"@type\":\"WebPage\",\"@id\":\"https:\\\/\\\/www.sbim.be\\\/nl\\\/jobs\\\/\",\"url\":\"https:\\\/\\\/www.sbim.be\\\/nl\\\/jobs\\\/\",\"name\":\"Sluit je bij ons aan - SBIM - Soci\u00e9t\u00e9 Belge d&#039;Informatique M\u00e9dicale\",\"isPartOf\":{\"@id\":\"https:\\\/\\\/www.sbim.be\\\/nl\\\/#website\"},\"datePublished\":\"2026-02-28T14:28:07+00:00\",\"dateModified\":\"2026-03-25T13:24:49+00:00\",\"description\":\"Ontdek de vacatures bij SBIM en sluit je aan bij een gepassioneerd team\",\"breadcrumb\":{\"@id\":\"https:\\\/\\\/www.sbim.be\\\/nl\\\/jobs\\\/#breadcrumb\"},\"inLanguage\":\"nl-NL\",\"potentialAction\":[{\"@type\":\"ReadAction\",\"target\":[\"https:\\\/\\\/www.sbim.be\\\/nl\\\/jobs\\\/\"]}]},{\"@type\":\"BreadcrumbList\",\"@id\":\"https:\\\/\\\/www.sbim.be\\\/nl\\\/jobs\\\/#breadcrumb\",\"itemListElement\":[{\"@type\":\"ListItem\",\"position\":1,\"name\":\"Home\",\"item\":\"https:\\\/\\\/www.sbim.be\\\/nl\\\/\"},{\"@type\":\"ListItem\",\"position\":2,\"name\":\"Sluit je bij ons aan\"}]},{\"@type\":\"WebSite\",\"@id\":\"https:\\\/\\\/www.sbim.be\\\/nl\\\/#website\",\"url\":\"https:\\\/\\\/www.sbim.be\\\/nl\\\/\",\"name\":\"SBIM - Soci\u00e9t\u00e9 Belge d'Informatique M\u00e9dicale\",\"description\":\"\",\"publisher\":{\"@id\":\"https:\\\/\\\/www.sbim.be\\\/nl\\\/#organization\"},\"potentialAction\":[{\"@type\":\"SearchAction\",\"target\":{\"@type\":\"EntryPoint\",\"urlTemplate\":\"https:\\\/\\\/www.sbim.be\\\/nl\\\/?s={search_term_string}\"},\"query-input\":{\"@type\":\"PropertyValueSpecification\",\"valueRequired\":true,\"valueName\":\"search_term_string\"}}],\"inLanguage\":\"nl-NL\"},{\"@type\":\"Organization\",\"@id\":\"https:\\\/\\\/www.sbim.be\\\/nl\\\/#organization\",\"name\":\"SBIM - Soci\u00e9t\u00e9 Belge d'Informatique M\u00e9dicale\",\"url\":\"https:\\\/\\\/www.sbim.be\\\/nl\\\/\",\"logo\":{\"@type\":\"ImageObject\",\"inLanguage\":\"nl-NL\",\"@id\":\"https:\\\/\\\/www.sbim.be\\\/nl\\\/#\\\/schema\\\/logo\\\/image\\\/\",\"url\":\"https:\\\/\\\/www.sbim.be\\\/wp-content\\\/uploads\\\/2026\\\/03\\\/Logo_SBIM-SWM-Group-EN_rgb.svg\",\"contentUrl\":\"https:\\\/\\\/www.sbim.be\\\/wp-content\\\/uploads\\\/2026\\\/03\\\/Logo_SBIM-SWM-Group-EN_rgb.svg\",\"width\":312,\"height\":148,\"caption\":\"SBIM - Soci\u00e9t\u00e9 Belge d'Informatique M\u00e9dicale\"},\"image\":{\"@id\":\"https:\\\/\\\/www.sbim.be\\\/nl\\\/#\\\/schema\\\/logo\\\/image\\\/\"},\"sameAs\":[\"https:\\\/\\\/www.linkedin.com\\\/company\\\/sbim\\\/\"]}]}<\/script>\n<!-- \/ Yoast SEO plugin. -->","yoast_head_json":{"title":"Sluit je bij ons aan - SBIM - Soci\u00e9t\u00e9 Belge d&#039;Informatique M\u00e9dicale","description":"Ontdek de vacatures bij SBIM en sluit je aan bij een gepassioneerd team","robots":{"index":"index","follow":"follow","max-snippet":"max-snippet:-1","max-image-preview":"max-image-preview:large","max-video-preview":"max-video-preview:-1"},"canonical":"https:\/\/www.sbim.be\/nl\/jobs\/","og_locale":"nl_NL","og_type":"article","og_title":"Sluit je bij ons aan - SBIM - Soci\u00e9t\u00e9 Belge d&#039;Informatique M\u00e9dicale","og_description":"Ontdek de vacatures bij SBIM en sluit je aan bij een gepassioneerd team","og_url":"https:\/\/www.sbim.be\/nl\/jobs\/","og_site_name":"SBIM - Soci\u00e9t\u00e9 Belge d&#039;Informatique M\u00e9dicale","article_modified_time":"2026-03-25T13:24:49+00:00","twitter_card":"summary_large_image","twitter_misc":{"Geschatte leestijd":"1 minuut"},"schema":{"@context":"https:\/\/schema.org","@graph":[{"@type":"WebPage","@id":"https:\/\/www.sbim.be\/nl\/jobs\/","url":"https:\/\/www.sbim.be\/nl\/jobs\/","name":"Sluit je bij ons aan - SBIM - Soci\u00e9t\u00e9 Belge d&#039;Informatique M\u00e9dicale","isPartOf":{"@id":"https:\/\/www.sbim.be\/nl\/#website"},"datePublished":"2026-02-28T14:28:07+00:00","dateModified":"2026-03-25T13:24:49+00:00","description":"Ontdek de vacatures bij SBIM en sluit je aan bij een gepassioneerd team","breadcrumb":{"@id":"https:\/\/www.sbim.be\/nl\/jobs\/#breadcrumb"},"inLanguage":"nl-NL","potentialAction":[{"@type":"ReadAction","target":["https:\/\/www.sbim.be\/nl\/jobs\/"]}]},{"@type":"BreadcrumbList","@id":"https:\/\/www.sbim.be\/nl\/jobs\/#breadcrumb","itemListElement":[{"@type":"ListItem","position":1,"name":"Home","item":"https:\/\/www.sbim.be\/nl\/"},{"@type":"ListItem","position":2,"name":"Sluit je bij ons aan"}]},{"@type":"WebSite","@id":"https:\/\/www.sbim.be\/nl\/#website","url":"https:\/\/www.sbim.be\/nl\/","name":"SBIM - Soci\u00e9t\u00e9 Belge d'Informatique M\u00e9dicale","description":"","publisher":{"@id":"https:\/\/www.sbim.be\/nl\/#organization"},"potentialAction":[{"@type":"SearchAction","target":{"@type":"EntryPoint","urlTemplate":"https:\/\/www.sbim.be\/nl\/?s={search_term_string}"},"query-input":{"@type":"PropertyValueSpecification","valueRequired":true,"valueName":"search_term_string"}}],"inLanguage":"nl-NL"},{"@type":"Organization","@id":"https:\/\/www.sbim.be\/nl\/#organization","name":"SBIM - Soci\u00e9t\u00e9 Belge d'Informatique M\u00e9dicale","url":"https:\/\/www.sbim.be\/nl\/","logo":{"@type":"ImageObject","inLanguage":"nl-NL","@id":"https:\/\/www.sbim.be\/nl\/#\/schema\/logo\/image\/","url":"https:\/\/www.sbim.be\/wp-content\/uploads\/2026\/03\/Logo_SBIM-SWM-Group-EN_rgb.svg","contentUrl":"https:\/\/www.sbim.be\/wp-content\/uploads\/2026\/03\/Logo_SBIM-SWM-Group-EN_rgb.svg","width":312,"height":148,"caption":"SBIM - Soci\u00e9t\u00e9 Belge d'Informatique M\u00e9dicale"},"image":{"@id":"https:\/\/www.sbim.be\/nl\/#\/schema\/logo\/image\/"},"sameAs":["https:\/\/www.linkedin.com\/company\/sbim\/"]}]}},"_links":{"self":[{"href":"https:\/\/www.sbim.be\/nl\/wp-json\/wp\/v2\/pages\/2006","targetHints":{"allow":["GET"]}}],"collection":[{"href":"https:\/\/www.sbim.be\/nl\/wp-json\/wp\/v2\/pages"}],"about":[{"href":"https:\/\/www.sbim.be\/nl\/wp-json\/wp\/v2\/types\/page"}],"author":[{"embeddable":true,"href":"https:\/\/www.sbim.be\/nl\/wp-json\/wp\/v2\/users\/1"}],"replies":[{"embeddable":true,"href":"https:\/\/www.sbim.be\/nl\/wp-json\/wp\/v2\/comments?post=2006"}],"version-history":[{"count":3,"href":"https:\/\/www.sbim.be\/nl\/wp-json\/wp\/v2\/pages\/2006\/revisions"}],"predecessor-version":[{"id":2010,"href":"https:\/\/www.sbim.be\/nl\/wp-json\/wp\/v2\/pages\/2006\/revisions\/2010"}],"wp:attachment":[{"href":"https:\/\/www.sbim.be\/nl\/wp-json\/wp\/v2\/media?parent=2006"}],"curies":[{"name":"wp","href":"https:\/\/api.w.org\/{rel}","templated":true}]}}