{"id":2028,"date":"2026-03-03T08:22:04","date_gmt":"2026-03-03T07:22:04","guid":{"rendered":"https:\/\/sbim.comaseinfo-support.be\/vraag-een-demonstratie-aan\/"},"modified":"2026-03-30T10:38:15","modified_gmt":"2026-03-30T08:38:15","slug":"vraag-een-demonstratie-aan","status":"publish","type":"page","link":"https:\/\/www.sbim.be\/nl\/vraag-een-demonstratie-aan\/","title":{"rendered":"Vraag een demonstratie aan"},"content":{"rendered":"\t\t<div data-elementor-type=\"wp-page\" data-elementor-id=\"2028\" class=\"elementor elementor-2028 elementor-941\" data-elementor-post-type=\"page\">\n\t\t\t\t<div class=\"elementor-element elementor-element-ab24a50 e-flex e-con-boxed e-con e-parent\" data-id=\"ab24a50\" data-element_type=\"container\" data-e-type=\"container\">\n\t\t\t\t\t<div class=\"e-con-inner\">\n\t\t<div class=\"elementor-element elementor-element-3e994f2 e-con-full e-flex e-con e-child\" data-id=\"3e994f2\" data-element_type=\"container\" data-e-type=\"container\" data-settings=\"{&quot;background_background&quot;:&quot;classic&quot;}\">\n\t\t\t\t<div class=\"elementor-element elementor-element-a91ae5d elementor-button-align-stretch elementor-widget elementor-widget-form\" data-id=\"a91ae5d\" data-element_type=\"widget\" data-e-type=\"widget\" data-settings=\"{&quot;step_next_label&quot;:&quot;Volgende&quot;,&quot;step_previous_label&quot;:&quot;Vorige&quot;,&quot;button_width&quot;:&quot;100&quot;,&quot;step_type&quot;:&quot;number_text&quot;,&quot;step_icon_shape&quot;:&quot;circle&quot;}\" data-widget_type=\"form.default\">\n\t\t\t\t\t\t\t<form class=\"elementor-form\" method=\"post\" id=\"contact\" name=\"Contact Form\" aria-label=\"Contact Form\">\n\t\t\t<input type=\"hidden\" name=\"post_id\" value=\"2028\"\/>\n\t\t\t<input type=\"hidden\" name=\"form_id\" value=\"a91ae5d\"\/>\n\t\t\t<input type=\"hidden\" name=\"referer_title\" value=\"SBIM &#8211; Soci\u00e9t\u00e9 Belge d&#039;Informatique M\u00e9dicale\" \/>\n\n\t\t\t\n\t\t\t<div class=\"elementor-form-fields-wrapper elementor-labels-above\">\n\t\t\t\t\t\t\t\t<div class=\"elementor-field-type-text elementor-field-group elementor-column elementor-field-group-name elementor-col-50 elementor-field-required elementor-mark-required\">\n\t\t\t\t\t\t\t\t\t\t\t\t<label for=\"form-field-name\" class=\"elementor-field-label\">\n\t\t\t\t\t\t\t\tNaam\t\t\t\t\t\t\t<\/label>\n\t\t\t\t\t\t\t\t\t\t\t\t\t\t<input size=\"1\" type=\"text\" name=\"form_fields[name]\" id=\"form-field-name\" class=\"elementor-field elementor-size-md  elementor-field-textual\" placeholder=\"Naam\" required=\"required\">\n\t\t\t\t\t\t\t\t\t\t\t<\/div>\n\t\t\t\t\t\t\t\t<div class=\"elementor-field-type-text elementor-field-group elementor-column elementor-field-group-field_8c0a034 elementor-col-50 elementor-field-required elementor-mark-required\">\n\t\t\t\t\t\t\t\t\t\t\t\t<label for=\"form-field-field_8c0a034\" class=\"elementor-field-label\">\n\t\t\t\t\t\t\t\tVoornaam\t\t\t\t\t\t\t<\/label>\n\t\t\t\t\t\t\t\t\t\t\t\t\t\t<input size=\"1\" type=\"text\" name=\"form_fields[field_8c0a034]\" id=\"form-field-field_8c0a034\" class=\"elementor-field elementor-size-md  elementor-field-textual\" placeholder=\"Voornaam\" required=\"required\">\n\t\t\t\t\t\t\t\t\t\t\t<\/div>\n\t\t\t\t\t\t\t\t<div class=\"elementor-field-type-email elementor-field-group elementor-column elementor-field-group-email elementor-col-50 elementor-field-required elementor-mark-required\">\n\t\t\t\t\t\t\t\t\t\t\t\t<label for=\"form-field-email\" class=\"elementor-field-label\">\n\t\t\t\t\t\t\t\tE-mail\t\t\t\t\t\t\t<\/label>\n\t\t\t\t\t\t\t\t\t\t\t\t\t\t<input size=\"1\" type=\"email\" name=\"form_fields[email]\" id=\"form-field-email\" class=\"elementor-field elementor-size-md  elementor-field-textual\" placeholder=\"E-mail\" required=\"required\">\n\t\t\t\t\t\t\t\t\t\t\t<\/div>\n\t\t\t\t\t\t\t\t<div class=\"elementor-field-type-tel elementor-field-group elementor-column elementor-field-group-field_df55d7e elementor-col-50\">\n\t\t\t\t\t\t\t\t\t\t\t\t<label for=\"form-field-field_df55d7e\" class=\"elementor-field-label\">\n\t\t\t\t\t\t\t\tTelefoonnummer\t\t\t\t\t\t\t<\/label>\n\t\t\t\t\t\t\t\t<input size=\"1\" type=\"tel\" name=\"form_fields[field_df55d7e]\" id=\"form-field-field_df55d7e\" class=\"elementor-field elementor-size-md  elementor-field-textual\" placeholder=\"Telefoonnummer\" pattern=\"[0-9()#&amp;+*-=.]+\" title=\"Alleen nummers en telefoontekens (#, -, *, enz.) worden geaccepteerd.\">\n\n\t\t\t\t\t\t<\/div>\n\t\t\t\t\t\t\t\t<div class=\"elementor-field-type-text elementor-field-group elementor-column elementor-field-group-field_f64a880 elementor-col-100 elementor-field-required elementor-mark-required\">\n\t\t\t\t\t\t\t\t\t\t\t\t<label for=\"form-field-field_f64a880\" class=\"elementor-field-label\">\n\t\t\t\t\t\t\t\tInstelling\t\t\t\t\t\t\t<\/label>\n\t\t\t\t\t\t\t\t\t\t\t\t\t\t<input size=\"1\" type=\"text\" name=\"form_fields[field_f64a880]\" id=\"form-field-field_f64a880\" class=\"elementor-field elementor-size-md  elementor-field-textual\" placeholder=\"Instelling\" required=\"required\">\n\t\t\t\t\t\t\t\t\t\t\t<\/div>\n\t\t\t\t\t\t\t\t<div class=\"elementor-field-type-select elementor-field-group elementor-column elementor-field-group-solutions elementor-col-100 elementor-field-required elementor-mark-required\">\n\t\t\t\t\t\t\t\t\t\t\t\t<label for=\"form-field-solutions\" class=\"elementor-field-label\">\n\t\t\t\t\t\t\t\tGewenste oplossing\t\t\t\t\t\t\t<\/label>\n\t\t\t\t\t\t\t\t<div class=\"elementor-field elementor-select-wrapper remove-before \">\n\t\t\t<div class=\"select-caret-down-wrapper\">\n\t\t\t\t<svg aria-hidden=\"true\" class=\"e-font-icon-svg e-eicon-caret-down\" viewBox=\"0 0 571.4 571.4\" xmlns=\"http:\/\/www.w3.org\/2000\/svg\"><path d=\"M571 393Q571 407 561 418L311 668Q300 679 286 679T261 668L11 418Q0 407 0 393T11 368 36 357H536Q550 357 561 368T571 393Z\"><\/path><\/svg>\t\t\t<\/div>\n\t\t\t<select name=\"form_fields[solutions]\" id=\"form-field-solutions\" class=\"elementor-field-textual elementor-size-md\" required=\"required\">\n\t\t\t\t\t\t\t\t\t<option value=\"Business Intelligence\">Business Intelligence<\/option>\n\t\t\t\t\t\t\t\t\t<option value=\"Elektronisch pati\u00ebntendossier\">Elektronisch pati\u00ebntendossier<\/option>\n\t\t\t\t\t\t\t\t\t<option value=\"Human Resources\">Human Resources<\/option>\n\t\t\t\t\t\t\t\t\t<option value=\"Kinesitherapie en paramedisch\">Kinesitherapie en paramedisch<\/option>\n\t\t\t\t\t\t\t\t\t<option value=\"Medische beeldvorming\">Medische beeldvorming<\/option>\n\t\t\t\t\t\t\t\t\t<option value=\"MZG en MPG\">MZG en MPG<\/option>\n\t\t\t\t\t\t\t\t\t<option value=\"Onthaal, traject en facturatie van de pati\u00ebnt\">Onthaal, traject en facturatie van de pati\u00ebnt<\/option>\n\t\t\t\t\t\t\t\t\t<option value=\"Ziekenhuis-ERP\">Ziekenhuis-ERP<\/option>\n\t\t\t\t\t\t\t<\/select>\n\t\t<\/div>\n\t\t\t\t\t\t<\/div>\n\t\t\t\t\t\t\t\t<div class=\"elementor-field-type-date elementor-field-group elementor-column elementor-field-group-field_fe50fac elementor-col-100 elementor-field-required elementor-mark-required\">\n\t\t\t\t\t\t\t\t\t\t\t\t<label for=\"form-field-field_fe50fac\" class=\"elementor-field-label\">\n\t\t\t\t\t\t\t\tGewenste datum\t\t\t\t\t\t\t<\/label>\n\t\t\t\t\t\t\n\t\t<input type=\"date\" name=\"form_fields[field_fe50fac]\" id=\"form-field-field_fe50fac\" class=\"elementor-field elementor-size-md  elementor-field-textual elementor-date-field elementor-use-native\" required=\"required\" pattern=\"[0-9]{4}-[0-9]{2}-[0-9]{2}\">\n\t\t\t\t\t\t<\/div>\n\t\t\t\t\t\t\t\t<div class=\"elementor-field-type-textarea elementor-field-group elementor-column elementor-field-group-message elementor-col-100 elementor-field-required elementor-mark-required\">\n\t\t\t\t\t\t\t\t\t\t\t\t<label for=\"form-field-message\" class=\"elementor-field-label\">\n\t\t\t\t\t\t\t\tUw bericht\t\t\t\t\t\t\t<\/label>\n\t\t\t\t\t\t<textarea class=\"elementor-field-textual elementor-field  elementor-size-md\" name=\"form_fields[message]\" id=\"form-field-message\" rows=\"4\" placeholder=\"Uw bericht\" required=\"required\"><\/textarea>\t\t\t\t<\/div>\n\t\t\t\t\t\t\t\t<div class=\"elementor-field-type-acceptance elementor-field-group elementor-column elementor-field-group-field_3a38289 elementor-col-100 elementor-field-required elementor-mark-required\">\n\t\t\t\t\t\t\t<div class=\"elementor-field-subgroup\">\n\t\t\t<span class=\"elementor-field-option\">\n\t\t\t\t<input type=\"checkbox\" name=\"form_fields[field_3a38289]\" id=\"form-field-field_3a38289\" class=\"elementor-field elementor-size-md  elementor-acceptance-field\" required=\"required\">\n\t\t\t\t<label for=\"form-field-field_3a38289\">Ik ga ermee akkoord dat mijn gegevens worden verwerkt in overeenstemming met het privacybeleid.<\/label>\t\t\t<\/span>\n\t\t<\/div>\n\t\t\t\t\t\t<\/div>\n\t\t\t\t\t\t\t\t<div class=\"elementor-field-type-text\">\n\t\t\t\t\t<input size=\"1\" type=\"text\" name=\"form_fields[field_a956a73]\" id=\"form-field-field_a956a73\" class=\"elementor-field elementor-size-md \" style=\"display:none !important;\">\t\t\t\t<\/div>\n\t\t\t\t\t\t\t\t<div class=\"elementor-field-group elementor-column elementor-field-type-submit elementor-col-100 e-form__buttons\">\n\t\t\t\t\t<button class=\"elementor-button elementor-size-sm\" type=\"submit\">\n\t\t\t\t\t\t<span class=\"elementor-button-content-wrapper\">\n\t\t\t\t\t\t\t\t\t\t\t\t\t\t\t\t\t\t\t\t\t\t<span class=\"elementor-button-text\">Een demo aanvragen<\/span>\n\t\t\t\t\t\t\t\t\t\t\t\t\t<\/span>\n\t\t\t\t\t<\/button>\n\t\t\t\t<\/div>\n\t\t\t<\/div>\n\t\t<\/form>\n\t\t\t\t\t\t<\/div>\n\t\t\t\t<\/div>\n\t\t\t\t\t<\/div>\n\t\t\t\t<\/div>\n\t\t\t\t<\/div>\n\t\t","protected":false},"excerpt":{"rendered":"","protected":false},"author":1,"featured_media":0,"parent":0,"menu_order":0,"comment_status":"closed","ping_status":"closed","template":"","meta":{"_acf_changed":false,"footnotes":""},"class_list":["post-2028","page","type-page","status-publish","hentry"],"acf":[],"yoast_head":"<!-- This site is optimized with the Yoast SEO plugin v27.3 - https:\/\/yoast.com\/product\/yoast-seo-wordpress\/ -->\n<title>Vraag een demonstratie aan - SBIM - Soci\u00e9t\u00e9 Belge d&#039;Informatique M\u00e9dicale<\/title>\n<meta name=\"description\" content=\"Vraag een demonstratie aan van onze softwareoplossingen voor zorginstellingen.\" \/>\n<meta name=\"robots\" content=\"index, follow, max-snippet:-1, max-image-preview:large, max-video-preview:-1\" \/>\n<link rel=\"canonical\" href=\"https:\/\/www.sbim.be\/nl\/vraag-een-demonstratie-aan\/\" \/>\n<meta property=\"og:locale\" content=\"nl_NL\" \/>\n<meta property=\"og:type\" content=\"article\" \/>\n<meta property=\"og:title\" content=\"Vraag een demonstratie aan - SBIM - Soci\u00e9t\u00e9 Belge d&#039;Informatique M\u00e9dicale\" \/>\n<meta property=\"og:description\" content=\"Vraag een demonstratie aan van onze softwareoplossingen voor zorginstellingen.\" \/>\n<meta property=\"og:url\" content=\"https:\/\/www.sbim.be\/nl\/vraag-een-demonstratie-aan\/\" \/>\n<meta property=\"og:site_name\" content=\"SBIM - Soci\u00e9t\u00e9 Belge d&#039;Informatique M\u00e9dicale\" \/>\n<meta property=\"article:modified_time\" content=\"2026-03-30T08:38:15+00:00\" \/>\n<meta name=\"twitter:card\" content=\"summary_large_image\" \/>\n<script type=\"application\/ld+json\" class=\"yoast-schema-graph\">{\"@context\":\"https:\\\/\\\/schema.org\",\"@graph\":[{\"@type\":\"WebPage\",\"@id\":\"https:\\\/\\\/www.sbim.be\\\/nl\\\/vraag-een-demonstratie-aan\\\/\",\"url\":\"https:\\\/\\\/www.sbim.be\\\/nl\\\/vraag-een-demonstratie-aan\\\/\",\"name\":\"Vraag een demonstratie aan - SBIM - Soci\u00e9t\u00e9 Belge d&#039;Informatique M\u00e9dicale\",\"isPartOf\":{\"@id\":\"https:\\\/\\\/www.sbim.be\\\/nl\\\/#website\"},\"datePublished\":\"2026-03-03T07:22:04+00:00\",\"dateModified\":\"2026-03-30T08:38:15+00:00\",\"description\":\"Vraag een demonstratie aan van onze softwareoplossingen voor zorginstellingen.\",\"breadcrumb\":{\"@id\":\"https:\\\/\\\/www.sbim.be\\\/nl\\\/vraag-een-demonstratie-aan\\\/#breadcrumb\"},\"inLanguage\":\"nl-NL\",\"potentialAction\":[{\"@type\":\"ReadAction\",\"target\":[\"https:\\\/\\\/www.sbim.be\\\/nl\\\/vraag-een-demonstratie-aan\\\/\"]}]},{\"@type\":\"BreadcrumbList\",\"@id\":\"https:\\\/\\\/www.sbim.be\\\/nl\\\/vraag-een-demonstratie-aan\\\/#breadcrumb\",\"itemListElement\":[{\"@type\":\"ListItem\",\"position\":1,\"name\":\"Home\",\"item\":\"https:\\\/\\\/www.sbim.be\\\/nl\\\/\"},{\"@type\":\"ListItem\",\"position\":2,\"name\":\"Vraag een demonstratie aan\"}]},{\"@type\":\"WebSite\",\"@id\":\"https:\\\/\\\/www.sbim.be\\\/nl\\\/#website\",\"url\":\"https:\\\/\\\/www.sbim.be\\\/nl\\\/\",\"name\":\"SBIM - Soci\u00e9t\u00e9 Belge d'Informatique M\u00e9dicale\",\"description\":\"\",\"publisher\":{\"@id\":\"https:\\\/\\\/www.sbim.be\\\/nl\\\/#organization\"},\"potentialAction\":[{\"@type\":\"SearchAction\",\"target\":{\"@type\":\"EntryPoint\",\"urlTemplate\":\"https:\\\/\\\/www.sbim.be\\\/nl\\\/?s={search_term_string}\"},\"query-input\":{\"@type\":\"PropertyValueSpecification\",\"valueRequired\":true,\"valueName\":\"search_term_string\"}}],\"inLanguage\":\"nl-NL\"},{\"@type\":\"Organization\",\"@id\":\"https:\\\/\\\/www.sbim.be\\\/nl\\\/#organization\",\"name\":\"SBIM - Soci\u00e9t\u00e9 Belge d'Informatique M\u00e9dicale\",\"url\":\"https:\\\/\\\/www.sbim.be\\\/nl\\\/\",\"logo\":{\"@type\":\"ImageObject\",\"inLanguage\":\"nl-NL\",\"@id\":\"https:\\\/\\\/www.sbim.be\\\/nl\\\/#\\\/schema\\\/logo\\\/image\\\/\",\"url\":\"https:\\\/\\\/www.sbim.be\\\/wp-content\\\/uploads\\\/2026\\\/03\\\/Logo_SBIM-SWM-Group-EN_rgb.svg\",\"contentUrl\":\"https:\\\/\\\/www.sbim.be\\\/wp-content\\\/uploads\\\/2026\\\/03\\\/Logo_SBIM-SWM-Group-EN_rgb.svg\",\"width\":312,\"height\":148,\"caption\":\"SBIM - Soci\u00e9t\u00e9 Belge d'Informatique M\u00e9dicale\"},\"image\":{\"@id\":\"https:\\\/\\\/www.sbim.be\\\/nl\\\/#\\\/schema\\\/logo\\\/image\\\/\"},\"sameAs\":[\"https:\\\/\\\/www.linkedin.com\\\/company\\\/sbim\\\/\"]}]}<\/script>\n<!-- \/ Yoast SEO plugin. -->","yoast_head_json":{"title":"Vraag een demonstratie aan - SBIM - Soci\u00e9t\u00e9 Belge d&#039;Informatique M\u00e9dicale","description":"Vraag een demonstratie aan van onze softwareoplossingen voor zorginstellingen.","robots":{"index":"index","follow":"follow","max-snippet":"max-snippet:-1","max-image-preview":"max-image-preview:large","max-video-preview":"max-video-preview:-1"},"canonical":"https:\/\/www.sbim.be\/nl\/vraag-een-demonstratie-aan\/","og_locale":"nl_NL","og_type":"article","og_title":"Vraag een demonstratie aan - SBIM - Soci\u00e9t\u00e9 Belge d&#039;Informatique M\u00e9dicale","og_description":"Vraag een demonstratie aan van onze softwareoplossingen voor zorginstellingen.","og_url":"https:\/\/www.sbim.be\/nl\/vraag-een-demonstratie-aan\/","og_site_name":"SBIM - Soci\u00e9t\u00e9 Belge d&#039;Informatique M\u00e9dicale","article_modified_time":"2026-03-30T08:38:15+00:00","twitter_card":"summary_large_image","schema":{"@context":"https:\/\/schema.org","@graph":[{"@type":"WebPage","@id":"https:\/\/www.sbim.be\/nl\/vraag-een-demonstratie-aan\/","url":"https:\/\/www.sbim.be\/nl\/vraag-een-demonstratie-aan\/","name":"Vraag een demonstratie aan - SBIM - Soci\u00e9t\u00e9 Belge d&#039;Informatique M\u00e9dicale","isPartOf":{"@id":"https:\/\/www.sbim.be\/nl\/#website"},"datePublished":"2026-03-03T07:22:04+00:00","dateModified":"2026-03-30T08:38:15+00:00","description":"Vraag een demonstratie aan van onze softwareoplossingen voor zorginstellingen.","breadcrumb":{"@id":"https:\/\/www.sbim.be\/nl\/vraag-een-demonstratie-aan\/#breadcrumb"},"inLanguage":"nl-NL","potentialAction":[{"@type":"ReadAction","target":["https:\/\/www.sbim.be\/nl\/vraag-een-demonstratie-aan\/"]}]},{"@type":"BreadcrumbList","@id":"https:\/\/www.sbim.be\/nl\/vraag-een-demonstratie-aan\/#breadcrumb","itemListElement":[{"@type":"ListItem","position":1,"name":"Home","item":"https:\/\/www.sbim.be\/nl\/"},{"@type":"ListItem","position":2,"name":"Vraag een demonstratie aan"}]},{"@type":"WebSite","@id":"https:\/\/www.sbim.be\/nl\/#website","url":"https:\/\/www.sbim.be\/nl\/","name":"SBIM - Soci\u00e9t\u00e9 Belge d'Informatique M\u00e9dicale","description":"","publisher":{"@id":"https:\/\/www.sbim.be\/nl\/#organization"},"potentialAction":[{"@type":"SearchAction","target":{"@type":"EntryPoint","urlTemplate":"https:\/\/www.sbim.be\/nl\/?s={search_term_string}"},"query-input":{"@type":"PropertyValueSpecification","valueRequired":true,"valueName":"search_term_string"}}],"inLanguage":"nl-NL"},{"@type":"Organization","@id":"https:\/\/www.sbim.be\/nl\/#organization","name":"SBIM - Soci\u00e9t\u00e9 Belge d'Informatique M\u00e9dicale","url":"https:\/\/www.sbim.be\/nl\/","logo":{"@type":"ImageObject","inLanguage":"nl-NL","@id":"https:\/\/www.sbim.be\/nl\/#\/schema\/logo\/image\/","url":"https:\/\/www.sbim.be\/wp-content\/uploads\/2026\/03\/Logo_SBIM-SWM-Group-EN_rgb.svg","contentUrl":"https:\/\/www.sbim.be\/wp-content\/uploads\/2026\/03\/Logo_SBIM-SWM-Group-EN_rgb.svg","width":312,"height":148,"caption":"SBIM - Soci\u00e9t\u00e9 Belge d'Informatique M\u00e9dicale"},"image":{"@id":"https:\/\/www.sbim.be\/nl\/#\/schema\/logo\/image\/"},"sameAs":["https:\/\/www.linkedin.com\/company\/sbim\/"]}]}},"_links":{"self":[{"href":"https:\/\/www.sbim.be\/nl\/wp-json\/wp\/v2\/pages\/2028","targetHints":{"allow":["GET"]}}],"collection":[{"href":"https:\/\/www.sbim.be\/nl\/wp-json\/wp\/v2\/pages"}],"about":[{"href":"https:\/\/www.sbim.be\/nl\/wp-json\/wp\/v2\/types\/page"}],"author":[{"embeddable":true,"href":"https:\/\/www.sbim.be\/nl\/wp-json\/wp\/v2\/users\/1"}],"replies":[{"embeddable":true,"href":"https:\/\/www.sbim.be\/nl\/wp-json\/wp\/v2\/comments?post=2028"}],"version-history":[{"count":2,"href":"https:\/\/www.sbim.be\/nl\/wp-json\/wp\/v2\/pages\/2028\/revisions"}],"predecessor-version":[{"id":2173,"href":"https:\/\/www.sbim.be\/nl\/wp-json\/wp\/v2\/pages\/2028\/revisions\/2173"}],"wp:attachment":[{"href":"https:\/\/www.sbim.be\/nl\/wp-json\/wp\/v2\/media?parent=2028"}],"curies":[{"name":"wp","href":"https:\/\/api.w.org\/{rel}","templated":true}]}}