{"id":2147,"date":"2026-03-02T14:14:33","date_gmt":"2026-03-02T13:14:33","guid":{"rendered":"https:\/\/sbim.comaseinfo-support.be\/over-sbim\/ons-team\/"},"modified":"2026-03-30T08:47:09","modified_gmt":"2026-03-30T06:47:09","slug":"ons-team","status":"publish","type":"page","link":"https:\/\/www.sbim.be\/nl\/over-sbim\/ons-team\/","title":{"rendered":"Ons team"},"content":{"rendered":"\t\t<div data-elementor-type=\"wp-page\" data-elementor-id=\"2147\" class=\"elementor elementor-2147 elementor-761\" data-elementor-post-type=\"page\">\n\t\t\t\t<div class=\"elementor-element elementor-element-2265b01 e-flex e-con-boxed e-con e-parent\" data-id=\"2265b01\" data-element_type=\"container\" data-e-type=\"container\">\n\t\t\t\t\t<div class=\"e-con-inner\">\n\t\t\t\t<div class=\"elementor-element elementor-element-af74ad5 elementor-widget elementor-widget-heading\" data-id=\"af74ad5\" data-element_type=\"widget\" data-e-type=\"widget\" data-widget_type=\"heading.default\">\n\t\t\t\t\t<h2 class=\"elementor-heading-title elementor-size-default\">Een team dat zich inzet voor de gezondheidszorg<\/h2>\t\t\t\t<\/div>\n\t\t\t\t<div class=\"elementor-element elementor-element-4de68da elementor-widget elementor-widget-text-editor\" data-id=\"4de68da\" data-element_type=\"widget\" data-e-type=\"widget\" data-widget_type=\"text-editor.default\">\n\t\t\t\t\t\t\t\t\t<p class=\"text-text-muted text-lg leading-relaxed mb-4\">Bij SBIM delen meer dan 75 medewerkers dezelfde passie: technologie inzetten ten dienste van zorginstellingen. Ontwikkelaars, projectleiders, functionele consultants, trainers en support engineers werken nauw samen om kwaliteitsvolle oplossingen te bieden.<\/p><p class=\"text-text-muted text-lg leading-relaxed\">Onze bedrijfscultuur steunt op expertise, nabijheid tot onze klanten en voortdurende innovatie. Elk teamlid draagt bij aan het verbeteren van het dagelijks werk van zorgverleners dankzij performante en intu\u00eftieve IT-oplossingen.<\/p>\t\t\t\t\t\t\t\t<\/div>\n\t\t<div class=\"elementor-element elementor-element-3a762ec e-grid e-con-full e-con e-child\" data-id=\"3a762ec\" data-element_type=\"container\" data-e-type=\"container\">\n\t\t\t\t<div class=\"elementor-element elementor-element-9947da4 elementor-widget elementor-widget-counter\" data-id=\"9947da4\" data-element_type=\"widget\" data-e-type=\"widget\" data-widget_type=\"counter.default\">\n\t\t\t\t\t\t\t<div class=\"elementor-counter\">\n\t\t\t<div class=\"elementor-counter-title\">medewerkers<\/div>\t\t\t<div class=\"elementor-counter-number-wrapper\">\n\t\t\t\t<span class=\"elementor-counter-number-prefix\"><\/span>\n\t\t\t\t<span class=\"elementor-counter-number\" data-duration=\"2000\" data-to-value=\"75\" data-from-value=\"0\" data-delimiter=\",\">0<\/span>\n\t\t\t\t<span class=\"elementor-counter-number-suffix\">+<\/span>\n\t\t\t<\/div>\n\t\t<\/div>\n\t\t\t\t\t\t<\/div>\n\t\t\t\t<div class=\"elementor-element elementor-element-7652442 elementor-widget elementor-widget-counter\" data-id=\"7652442\" data-element_type=\"widget\" data-e-type=\"widget\" data-widget_type=\"counter.default\">\n\t\t\t\t\t\t\t<div class=\"elementor-counter\">\n\t\t\t<div class=\"elementor-counter-title\">afdelingen<\/div>\t\t\t<div class=\"elementor-counter-number-wrapper\">\n\t\t\t\t<span class=\"elementor-counter-number-prefix\"><\/span>\n\t\t\t\t<span class=\"elementor-counter-number\" data-duration=\"2000\" data-to-value=\"12\" data-from-value=\"0\" data-delimiter=\",\">0<\/span>\n\t\t\t\t<span class=\"elementor-counter-number-suffix\"><\/span>\n\t\t\t<\/div>\n\t\t<\/div>\n\t\t\t\t\t\t<\/div>\n\t\t\t\t<div class=\"elementor-element elementor-element-389762b elementor-widget elementor-widget-counter\" data-id=\"389762b\" data-element_type=\"widget\" data-e-type=\"widget\" data-widget_type=\"counter.default\">\n\t\t\t\t\t\t\t<div class=\"elementor-counter\">\n\t\t\t<div class=\"elementor-counter-title\">jaren ervaring<\/div>\t\t\t<div class=\"elementor-counter-number-wrapper\">\n\t\t\t\t<span class=\"elementor-counter-number-prefix\"><\/span>\n\t\t\t\t<span class=\"elementor-counter-number\" data-duration=\"2000\" data-to-value=\"37\" data-from-value=\"0\" data-delimiter=\",\">0<\/span>\n\t\t\t\t<span class=\"elementor-counter-number-suffix\">+<\/span>\n\t\t\t<\/div>\n\t\t<\/div>\n\t\t\t\t\t\t<\/div>\n\t\t\t\t<div class=\"elementor-element elementor-element-5820ff3 elementor-widget elementor-widget-counter\" data-id=\"5820ff3\" data-element_type=\"widget\" data-e-type=\"widget\" data-widget_type=\"counter.default\">\n\t\t\t\t\t\t\t<div class=\"elementor-counter\">\n\t\t\t<div class=\"elementor-counter-title\">kantoor<\/div>\t\t\t<div class=\"elementor-counter-number-wrapper\">\n\t\t\t\t<span class=\"elementor-counter-number-prefix\"><\/span>\n\t\t\t\t<span class=\"elementor-counter-number\" data-duration=\"2000\" data-to-value=\"1\" data-from-value=\"0\" data-delimiter=\",\">0<\/span>\n\t\t\t\t<span class=\"elementor-counter-number-suffix\"><\/span>\n\t\t\t<\/div>\n\t\t<\/div>\n\t\t\t\t\t\t<\/div>\n\t\t\t\t<\/div>\n\t\t\t\t\t<\/div>\n\t\t\t\t<\/div>\n\t\t<div class=\"elementor-element elementor-element-6743c83 e-flex e-con-boxed e-con e-parent\" data-id=\"6743c83\" data-element_type=\"container\" data-e-type=\"container\">\n\t\t\t\t\t<div class=\"e-con-inner\">\n\t\t<div class=\"elementor-element elementor-element-afc968a e-con-full e-flex e-con e-child\" data-id=\"afc968a\" data-element_type=\"container\" data-e-type=\"container\" data-settings=\"{&quot;background_background&quot;:&quot;classic&quot;}\">\n\t\t\t\t<div class=\"elementor-element elementor-element-87324c8 elementor-widget elementor-widget-heading\" data-id=\"87324c8\" data-element_type=\"widget\" data-e-type=\"widget\" data-widget_type=\"heading.default\">\n\t\t\t\t\t<h2 class=\"elementor-heading-title elementor-size-default\">Kom ons team versterken<\/h2>\t\t\t\t<\/div>\n\t\t\t\t<div class=\"elementor-element elementor-element-05d2ff3 elementor-widget elementor-widget-text-editor\" data-id=\"05d2ff3\" data-element_type=\"widget\" data-e-type=\"widget\" data-widget_type=\"text-editor.default\">\n\t\t\t\t\t\t\t\t\t<p class=\"text-white\/90 text-lg leading-relaxed mb-8\">Bent u gepassioneerd door informatica en de gezondheidszorg?<br>Ontdek onze vacatures en sluit u aan bij een dynamisch en ge\u00ebngageerd team.<\/p>\t\t\t\t\t\t\t\t<\/div>\n\t\t\t\t<\/div>\n\t\t\t\t\t<\/div>\n\t\t\t\t<\/div>\n\t\t\t\t<\/div>\n\t\t","protected":false},"excerpt":{"rendered":"<p>Een team dat zich inzet voor de gezondheidszorg Bij SBIM delen meer dan 75 medewerkers dezelfde passie: technologie inzetten ten dienste van zorginstellingen. Ontwikkelaars, projectleiders, functionele consultants, trainers en support engineers werken nauw samen om kwaliteitsvolle oplossingen te bieden. Onze bedrijfscultuur steunt op expertise, nabijheid tot onze klanten en voortdurende innovatie. Elk teamlid draagt bij [&hellip;]<\/p>\n","protected":false},"author":1,"featured_media":0,"parent":1830,"menu_order":2,"comment_status":"closed","ping_status":"closed","template":"","meta":{"_acf_changed":false,"footnotes":""},"class_list":["post-2147","page","type-page","status-publish","hentry"],"acf":[],"yoast_head":"<!-- This site is optimized with the Yoast SEO plugin v27.3 - https:\/\/yoast.com\/product\/yoast-seo-wordpress\/ -->\n<title>Ons team - SBIM - Soci\u00e9t\u00e9 Belge d&#039;Informatique M\u00e9dicale<\/title>\n<meta name=\"description\" content=\"Gepassioneerde experts ten dienste van de gezondheidszorg\" \/>\n<meta name=\"robots\" content=\"index, follow, max-snippet:-1, max-image-preview:large, max-video-preview:-1\" \/>\n<link rel=\"canonical\" href=\"https:\/\/www.sbim.be\/nl\/over-sbim\/ons-team\/\" \/>\n<meta property=\"og:locale\" content=\"nl_NL\" \/>\n<meta property=\"og:type\" content=\"article\" \/>\n<meta property=\"og:title\" content=\"Ons team - SBIM - Soci\u00e9t\u00e9 Belge d&#039;Informatique M\u00e9dicale\" \/>\n<meta property=\"og:description\" content=\"Gepassioneerde experts ten dienste van de gezondheidszorg\" \/>\n<meta property=\"og:url\" content=\"https:\/\/www.sbim.be\/nl\/over-sbim\/ons-team\/\" \/>\n<meta property=\"og:site_name\" content=\"SBIM - Soci\u00e9t\u00e9 Belge d&#039;Informatique M\u00e9dicale\" \/>\n<meta property=\"article:modified_time\" content=\"2026-03-30T06:47:09+00:00\" \/>\n<meta name=\"twitter:card\" content=\"summary_large_image\" \/>\n<meta name=\"twitter:label1\" content=\"Geschatte leestijd\" \/>\n\t<meta name=\"twitter:data1\" content=\"1 minuut\" \/>\n<script type=\"application\/ld+json\" class=\"yoast-schema-graph\">{\"@context\":\"https:\\\/\\\/schema.org\",\"@graph\":[{\"@type\":\"WebPage\",\"@id\":\"https:\\\/\\\/www.sbim.be\\\/nl\\\/over-sbim\\\/ons-team\\\/\",\"url\":\"https:\\\/\\\/www.sbim.be\\\/nl\\\/over-sbim\\\/ons-team\\\/\",\"name\":\"Ons team - SBIM - Soci\u00e9t\u00e9 Belge d&#039;Informatique M\u00e9dicale\",\"isPartOf\":{\"@id\":\"https:\\\/\\\/www.sbim.be\\\/nl\\\/#website\"},\"datePublished\":\"2026-03-02T13:14:33+00:00\",\"dateModified\":\"2026-03-30T06:47:09+00:00\",\"description\":\"Gepassioneerde experts ten dienste van de gezondheidszorg\",\"breadcrumb\":{\"@id\":\"https:\\\/\\\/www.sbim.be\\\/nl\\\/over-sbim\\\/ons-team\\\/#breadcrumb\"},\"inLanguage\":\"nl-NL\",\"potentialAction\":[{\"@type\":\"ReadAction\",\"target\":[\"https:\\\/\\\/www.sbim.be\\\/nl\\\/over-sbim\\\/ons-team\\\/\"]}]},{\"@type\":\"BreadcrumbList\",\"@id\":\"https:\\\/\\\/www.sbim.be\\\/nl\\\/over-sbim\\\/ons-team\\\/#breadcrumb\",\"itemListElement\":[{\"@type\":\"ListItem\",\"position\":1,\"name\":\"Home\",\"item\":\"https:\\\/\\\/www.sbim.be\\\/nl\\\/\"},{\"@type\":\"ListItem\",\"position\":2,\"name\":\"Over SBIM\",\"item\":\"https:\\\/\\\/www.sbim.be\\\/nl\\\/over-sbim\\\/\"},{\"@type\":\"ListItem\",\"position\":3,\"name\":\"Ons team\"}]},{\"@type\":\"WebSite\",\"@id\":\"https:\\\/\\\/www.sbim.be\\\/nl\\\/#website\",\"url\":\"https:\\\/\\\/www.sbim.be\\\/nl\\\/\",\"name\":\"SBIM - Soci\u00e9t\u00e9 Belge d'Informatique M\u00e9dicale\",\"description\":\"\",\"publisher\":{\"@id\":\"https:\\\/\\\/www.sbim.be\\\/nl\\\/#organization\"},\"potentialAction\":[{\"@type\":\"SearchAction\",\"target\":{\"@type\":\"EntryPoint\",\"urlTemplate\":\"https:\\\/\\\/www.sbim.be\\\/nl\\\/?s={search_term_string}\"},\"query-input\":{\"@type\":\"PropertyValueSpecification\",\"valueRequired\":true,\"valueName\":\"search_term_string\"}}],\"inLanguage\":\"nl-NL\"},{\"@type\":\"Organization\",\"@id\":\"https:\\\/\\\/www.sbim.be\\\/nl\\\/#organization\",\"name\":\"SBIM - Soci\u00e9t\u00e9 Belge d'Informatique M\u00e9dicale\",\"url\":\"https:\\\/\\\/www.sbim.be\\\/nl\\\/\",\"logo\":{\"@type\":\"ImageObject\",\"inLanguage\":\"nl-NL\",\"@id\":\"https:\\\/\\\/www.sbim.be\\\/nl\\\/#\\\/schema\\\/logo\\\/image\\\/\",\"url\":\"https:\\\/\\\/www.sbim.be\\\/wp-content\\\/uploads\\\/2026\\\/03\\\/Logo_SBIM-SWM-Group-EN_rgb.svg\",\"contentUrl\":\"https:\\\/\\\/www.sbim.be\\\/wp-content\\\/uploads\\\/2026\\\/03\\\/Logo_SBIM-SWM-Group-EN_rgb.svg\",\"width\":312,\"height\":148,\"caption\":\"SBIM - Soci\u00e9t\u00e9 Belge d'Informatique M\u00e9dicale\"},\"image\":{\"@id\":\"https:\\\/\\\/www.sbim.be\\\/nl\\\/#\\\/schema\\\/logo\\\/image\\\/\"},\"sameAs\":[\"https:\\\/\\\/www.linkedin.com\\\/company\\\/sbim\\\/\"]}]}<\/script>\n<!-- \/ Yoast SEO plugin. -->","yoast_head_json":{"title":"Ons team - SBIM - Soci\u00e9t\u00e9 Belge d&#039;Informatique M\u00e9dicale","description":"Gepassioneerde experts ten dienste van de gezondheidszorg","robots":{"index":"index","follow":"follow","max-snippet":"max-snippet:-1","max-image-preview":"max-image-preview:large","max-video-preview":"max-video-preview:-1"},"canonical":"https:\/\/www.sbim.be\/nl\/over-sbim\/ons-team\/","og_locale":"nl_NL","og_type":"article","og_title":"Ons team - SBIM - Soci\u00e9t\u00e9 Belge d&#039;Informatique M\u00e9dicale","og_description":"Gepassioneerde experts ten dienste van de gezondheidszorg","og_url":"https:\/\/www.sbim.be\/nl\/over-sbim\/ons-team\/","og_site_name":"SBIM - Soci\u00e9t\u00e9 Belge d&#039;Informatique M\u00e9dicale","article_modified_time":"2026-03-30T06:47:09+00:00","twitter_card":"summary_large_image","twitter_misc":{"Geschatte leestijd":"1 minuut"},"schema":{"@context":"https:\/\/schema.org","@graph":[{"@type":"WebPage","@id":"https:\/\/www.sbim.be\/nl\/over-sbim\/ons-team\/","url":"https:\/\/www.sbim.be\/nl\/over-sbim\/ons-team\/","name":"Ons team - SBIM - Soci\u00e9t\u00e9 Belge d&#039;Informatique M\u00e9dicale","isPartOf":{"@id":"https:\/\/www.sbim.be\/nl\/#website"},"datePublished":"2026-03-02T13:14:33+00:00","dateModified":"2026-03-30T06:47:09+00:00","description":"Gepassioneerde experts ten dienste van de gezondheidszorg","breadcrumb":{"@id":"https:\/\/www.sbim.be\/nl\/over-sbim\/ons-team\/#breadcrumb"},"inLanguage":"nl-NL","potentialAction":[{"@type":"ReadAction","target":["https:\/\/www.sbim.be\/nl\/over-sbim\/ons-team\/"]}]},{"@type":"BreadcrumbList","@id":"https:\/\/www.sbim.be\/nl\/over-sbim\/ons-team\/#breadcrumb","itemListElement":[{"@type":"ListItem","position":1,"name":"Home","item":"https:\/\/www.sbim.be\/nl\/"},{"@type":"ListItem","position":2,"name":"Over SBIM","item":"https:\/\/www.sbim.be\/nl\/over-sbim\/"},{"@type":"ListItem","position":3,"name":"Ons team"}]},{"@type":"WebSite","@id":"https:\/\/www.sbim.be\/nl\/#website","url":"https:\/\/www.sbim.be\/nl\/","name":"SBIM - Soci\u00e9t\u00e9 Belge d'Informatique M\u00e9dicale","description":"","publisher":{"@id":"https:\/\/www.sbim.be\/nl\/#organization"},"potentialAction":[{"@type":"SearchAction","target":{"@type":"EntryPoint","urlTemplate":"https:\/\/www.sbim.be\/nl\/?s={search_term_string}"},"query-input":{"@type":"PropertyValueSpecification","valueRequired":true,"valueName":"search_term_string"}}],"inLanguage":"nl-NL"},{"@type":"Organization","@id":"https:\/\/www.sbim.be\/nl\/#organization","name":"SBIM - Soci\u00e9t\u00e9 Belge d'Informatique M\u00e9dicale","url":"https:\/\/www.sbim.be\/nl\/","logo":{"@type":"ImageObject","inLanguage":"nl-NL","@id":"https:\/\/www.sbim.be\/nl\/#\/schema\/logo\/image\/","url":"https:\/\/www.sbim.be\/wp-content\/uploads\/2026\/03\/Logo_SBIM-SWM-Group-EN_rgb.svg","contentUrl":"https:\/\/www.sbim.be\/wp-content\/uploads\/2026\/03\/Logo_SBIM-SWM-Group-EN_rgb.svg","width":312,"height":148,"caption":"SBIM - Soci\u00e9t\u00e9 Belge d'Informatique M\u00e9dicale"},"image":{"@id":"https:\/\/www.sbim.be\/nl\/#\/schema\/logo\/image\/"},"sameAs":["https:\/\/www.linkedin.com\/company\/sbim\/"]}]}},"_links":{"self":[{"href":"https:\/\/www.sbim.be\/nl\/wp-json\/wp\/v2\/pages\/2147","targetHints":{"allow":["GET"]}}],"collection":[{"href":"https:\/\/www.sbim.be\/nl\/wp-json\/wp\/v2\/pages"}],"about":[{"href":"https:\/\/www.sbim.be\/nl\/wp-json\/wp\/v2\/types\/page"}],"author":[{"embeddable":true,"href":"https:\/\/www.sbim.be\/nl\/wp-json\/wp\/v2\/users\/1"}],"replies":[{"embeddable":true,"href":"https:\/\/www.sbim.be\/nl\/wp-json\/wp\/v2\/comments?post=2147"}],"version-history":[{"count":1,"href":"https:\/\/www.sbim.be\/nl\/wp-json\/wp\/v2\/pages\/2147\/revisions"}],"predecessor-version":[{"id":2148,"href":"https:\/\/www.sbim.be\/nl\/wp-json\/wp\/v2\/pages\/2147\/revisions\/2148"}],"up":[{"embeddable":true,"href":"https:\/\/www.sbim.be\/nl\/wp-json\/wp\/v2\/pages\/1830"}],"wp:attachment":[{"href":"https:\/\/www.sbim.be\/nl\/wp-json\/wp\/v2\/media?parent=2147"}],"curies":[{"name":"wp","href":"https:\/\/api.w.org\/{rel}","templated":true}]}}